{"id":3368,"date":"2024-09-03T09:53:23","date_gmt":"2024-09-03T09:53:23","guid":{"rendered":"https:\/\/anzonnpromo.com\/?page_id=3368"},"modified":"2025-01-12T13:31:18","modified_gmt":"2025-01-12T13:31:18","slug":"artwork-guidance","status":"publish","type":"page","link":"https:\/\/anzonnpromo.com\/cs\/artwork-guidance\/","title":{"rendered":"N\u00e1vod na um\u011bleck\u00e1 d\u00edla"},"content":{"rendered":"<div data-elementor-type=\"wp-page\" data-elementor-id=\"3368\" class=\"elementor elementor-3368\" data-elementor-settings=\"{&quot;ha_cmc_init_switcher&quot;:&quot;no&quot;}\" data-elementor-post-type=\"page\">\n\t\t\t\t<div class=\"elementor-element elementor-element-7c911481 e-flex e-con-boxed e-con e-parent\" data-id=\"7c911481\" data-element_type=\"container\" data-e-type=\"container\" data-settings=\"{&quot;_ha_eqh_enable&quot;:false,&quot;ekit_has_onepagescroll_dot&quot;:&quot;yes&quot;}\">\n\t\t\t\t\t<div class=\"e-con-inner\">\n\t\t\t\t<div class=\"elementor-element elementor-element-4875bb47 elementor-widget elementor-widget-text-editor\" data-id=\"4875bb47\" data-element_type=\"widget\" data-e-type=\"widget\" data-settings=\"{&quot;ekit_we_effect_on&quot;:&quot;none&quot;}\" data-widget_type=\"text-editor.default\">\n\t\t\t\t\t\t\t\t\t<div data-slate-node=\"element\"><strong><span class=\"null\" data-slate-leaf=\"true\" data-sent-id=\"Vd2Y3nDRrB\">Pokyny pro um\u011bleck\u00e1 d\u00edla<\/span><\/strong><\/div><div data-slate-node=\"element\">\u00a0<\/div><div data-slate-node=\"element\"><span data-slate-node=\"text\"><span class=\"null\" data-slate-leaf=\"true\" data-sent-id=\"ebrgXjZRPe\">Pokyny pro um\u011bleck\u00e1 d\u00edla Anzonnpromo<\/span><\/span><\/div><div data-slate-node=\"element\">\u00a0<\/div><div data-slate-node=\"element\"><span data-slate-node=\"text\"><span class=\"null\" data-slate-leaf=\"true\" data-sent-id=\"VQRMk96dJz\">Odes\u00edl\u00e1n\u00ed um\u011bleck\u00fdch d\u011bl na Anzonnpromo<\/span><\/span><\/div><div data-slate-node=\"element\"><p><span data-slate-node=\"text\"><span class=\"null\" data-slate-leaf=\"true\" data-sent-id=\"VpPQl5N2xV\">Chceme v\u00e1m co nejv\u00edce usnadnit zas\u00edl\u00e1n\u00ed va\u0161ich um\u011bleck\u00fdch d\u011bl.<br \/>Existuje n\u011bkolik mo\u017enost\u00ed, jak n\u00e1m z\u00edskat sv\u00e9 logo k objedn\u00e1vce nebo virtu\u00e1ln\u00ed n\u00e1vrh.<\/span><\/span><\/p><\/div><div data-slate-node=\"element\"><span data-slate-node=\"text\"><span class=\"null\" data-slate-leaf=\"true\" data-sent-id=\"B8QoWwZO5e\">1. E-mailem s p\u0159ilo\u017een\u00fdm souborem va\u0161eho um\u011bleck\u00e9ho d\u00edla.<\/span><\/span><span data-slate-node=\"text\"><span class=\"null\" data-slate-leaf=\"true\" data-sent-id=\"V1JoD0xNDz\">Maxim\u00e1ln\u00ed velikost souboru je 10 MB<\/span><\/span><\/div><div data-slate-node=\"element\">\u00a0<\/div><div data-slate-node=\"element\"><span data-slate-node=\"text\"><span class=\"null hover-sent\" data-slate-leaf=\"true\" data-sent-id=\"ejlow7pRWz\">2. Nahrajte sv\u00e9 logo b\u011bhem procesu objedn\u00e1vky.<\/span><\/span><\/div><div data-slate-node=\"element\">\u00a0<\/div><div data-slate-node=\"element\"><strong><span class=\"null\" data-slate-leaf=\"true\" data-sent-id=\"zn1xr7vRqV\">P\u0159ij\u00edm\u00e1me n\u00e1sleduj\u00edc\u00ed form\u00e1ty soubor\u016f: <\/span><\/strong><\/div><div data-slate-node=\"element\">\u00a0<\/div><div data-slate-node=\"element\"><span data-slate-node=\"text\"><span class=\"null\" data-slate-leaf=\"true\" data-sent-id=\"VkZN92WRGe\">Standardn\u00ed obrazov\u00e9 soubory: jpg,tif,gif,png,pcx,bmp\u2026<\/span><\/span><\/div><div data-slate-node=\"element\">\u00a0<\/div><div data-slate-node=\"element\"><span data-slate-node=\"text\"><span class=\"null\" data-slate-leaf=\"true\" data-sent-id=\"VMl9jY7ZYe\">Soubory Adobe: ai,psd,pdf,eps\u2026<\/span><\/span><\/div><div data-slate-node=\"element\">\u00a0<\/div><div data-slate-node=\"element\"><span data-slate-node=\"text\"><span class=\"null\" data-slate-leaf=\"true\" data-sent-id=\"V7D4p3rOgz\">Corel Draw: cdr<\/span><\/span><\/div><div data-slate-node=\"element\">\u00a0<\/div><div data-slate-node=\"element\"><span data-slate-node=\"text\"><span class=\"null\" data-slate-leaf=\"true\" data-sent-id=\"VAl8KdWO3e\">Pokud m\u00e1te typ souboru obr\u00e1zku, kter\u00fd nen\u00ed uveden v\u00fd\u0161e, po\u0161lete, co m\u00e1te, a my bychom m\u011bli b\u00fdt schopni to zprovoznit.<br \/>Pokud budeme pot\u0159ebovat jin\u00fd soubor, d\u00e1me v\u00e1m ihned v\u011bd\u011bt.<\/span><\/span><span data-slate-node=\"text\"><span class=\"null\" data-slate-leaf=\"true\" data-sent-id=\"eGw1o8nOxe\">V p\u0159\u00edpad\u011b pot\u0159eby s v\u00e1mi tak\u00e9 m\u016f\u017ee spolupracovat n\u00e1\u0161 um\u011bleck\u00fd t\u00fdm.<\/span><\/span><\/div><div data-slate-node=\"element\">\u00a0<\/div><div data-slate-node=\"element\"><span data-slate-node=\"text\"><span class=\"null\" data-slate-leaf=\"true\" data-sent-id=\"VRlKqaRbnB\">R\u00e1di p\u0159ijmeme jak\u00e9koli va\u0161e um\u011bleck\u00e9 d\u00edlo a vytiskneme je.<\/span><\/span><\/div><div data-slate-node=\"element\">\u00a0<\/div><div data-slate-node=\"element\"><span data-slate-node=\"text\"><span class=\"null\" data-slate-leaf=\"true\" data-sent-id=\"zyZx87ADmB\">Pokud si mysl\u00edte, \u017ee byste sv\u00e9 um\u011bn\u00ed mohli pot\u0159ebovat pro budouc\u00ed objedn\u00e1vku, r\u00e1di v\u00e1m ho pov\u011bs\u00edme, abychom urychlili va\u0161i p\u0159\u00ed\u0161t\u00ed objedn\u00e1vku.<\/span><\/span><\/div><div data-slate-node=\"element\">\u00a0<\/div><div data-slate-node=\"element\"><span data-slate-node=\"text\"><span class=\"null\" data-slate-leaf=\"true\" data-sent-id=\"eEg9KpjOZz\">V\u0161e, co mus\u00edte ud\u011blat, je \u0159\u00edct n\u00e1m, co pot\u0159ebujete, a my ud\u011bl\u00e1me v\u0161e, co je v na\u0161ich sil\u00e1ch, abychom ud\u011blali zbytek.<br \/>R\u00e1di s v\u00e1mi tak\u00e9 komunikujeme.<\/span><\/span><span data-slate-node=\"text\"><span class=\"null\" data-slate-leaf=\"true\" data-sent-id=\"BoP4Z7jRGe\">Kontaktujte n\u00e1s nebo s n\u00e1mi chatujte online.<\/span><\/span><\/div><div data-slate-node=\"element\">\u00a0<\/div><div data-slate-node=\"element\" data-slate-fragment=\"JTVCJTdCJTIydHlwZSUyMiUzQSUyMnBhcmFncmFwaCUyMiUyQyUyMmNoaWxkcmVuJTIyJTNBJTVCJTdCJTIyaWQlMjIlM0ElMjJWZDJZM25EUnJCJTIyJTJDJTIycGFyYUlkeCUyMiUzQTAlMkMlMjJzcmMlMjIlM0ElMjJBcnR3b3JrJTIwR3VpZGxpbmVzJTIyJTJDJTIyZHN0JTIyJTNBJTIyJUU4JTg5JUJBJUU2JTlDJUFGJUU1JTkzJTgxJUU2JThDJTg3JUU1JThEJTk3JTIyJTJDJTIybWV0YWRhdGElMjIlM0ElMjIlMjIlMkMlMjJtZXRhRGF0YSUyMiUzQSU1QiU1RCUyQyUyMnRleHQlMjIlM0ElMjJBcnR3b3JrJTIwR3VpZGxpbmVzJTIyJTdEJTVEJTdEJTJDJTdCJTIydHlwZSUyMiUzQSUyMnBhcmFncmFwaCUyMiUyQyUyMmNoaWxkcmVuJTIyJTNBJTVCJTdCJTIyaWQlMjIlM0ElMjJlYnJnWGpaUlBlJTIyJTJDJTIycGFyYUlkeCUyMiUzQTElMkMlMjJzcmMlMjIlM0ElMjJBbnpvbm5wcm9tbyUyMEFydHdvcmslMjBHdWlkZWxpbmVzJTIyJTJDJTIyZHN0JTIyJTNBJTIyQW56b25ucHJvcCVFOCU4OSVCQSVFNiU5QyVBRiVFNSU5MyU4MSVFNiU4QyU4NyVFNSU4RCU5NyUyMiUyQyUyMm1ldGFkYXRhJTIyJTNBJTIyJTIyJTJDJTIybWV0YURhdGElMjIlM0ElNUIlNUQlMkMlMjJ0ZXh0JTIyJTNBJTIyQW56b25ucHJvbW8lMjBBcnR3b3JrJTIwR3VpZGVsaW5lcyUyMiU3RCU1RCU3RCUyQyU3QiUyMnR5cGUlMjIlM0ElMjJwYXJhZ3JhcGglMjIlMkMlMjJjaGlsZHJlbiUyMiUzQSU1QiU3QiUyMmlkJTIyJTNBJTIyQlBRcnh3R0xtZSUyMiUyQyUyMnBhcmFJZHglMjIlM0EyJTJDJTIyc3JjJTIyJTNBJTIyJTIyJTJDJTIyZHN0JTIyJTNBJTIyJTIyJTJDJTIybWV0YWRhdGElMjIlM0ElMjIlMjIlMkMlMjJtZXRhRGF0YSUyMiUzQSU1QiU1RCUyQyUyMnRleHQlMjIlM0ElMjIlMjIlN0QlNUQlN0QlMkMlN0IlMjJ0eXBlJTIyJTNBJTIycGFyYWdyYXBoJTIyJTJDJTIyY2hpbGRyZW4lMjIlM0ElNUIlN0IlMjJpZCUyMiUzQSUyMlZRUk1rOTZkSnolMjIlMkMlMjJwYXJhSWR4JTIyJTNBMyUyQyUyMnNyYyUyMiUzQSUyMlNlbmRpbmclMjBBcnR3b3JrJTIwdG8lMjBBbnpvbm5wcm9tbyUyMiUyQyUyMmRzdCUyMiUzQSUyMiVFNSVCMCU4NiVFOCU4OSVCQSVFNiU5QyVBRiVFNSU5MyU4MSVFNSU4RiU5MSVFOSU4MCU4MSVFNSU4OCVCMEFuem9ubnByb3AlMjIlMkMlMjJtZXRhZGF0YSUyMiUzQSUyMiUyMiUyQyUyMm1ldGFEYXRhJTIyJTNBJTVCJTVEJTJDJTIydGV4dCUyMiUzQSUyMlNlbmRpbmclMjBBcnR3b3JrJTIwdG8lMjBBbnpvbm5wcm9tbyUyMiU3RCU1RCU3RCUyQyU3QiUyMnR5cGUlMjIlM0ElMjJwYXJhZ3JhcGglMjIlMkMlMjJjaGlsZHJlbiUyMiUzQSU1QiU3QiUyMmlkJTIyJTNBJTIyVnBQUWw1TjJ4ViUyMiUyQyUyMnBhcmFJZHglMjIlM0E0JTJDJTIyc3JjJTIyJTNBJTIyV2UlMjB3YW50JTIwdG8lMjBtYWtlJTIwaXQlMjBhcyUyMGVhc3klMjBhcyUyMHBvc3NpYmxlJTIwZm9yJTIweW91JTIwdG8lMjBzZW5kJTIwdXMlMjB5b3VyJTIwYXJ0d29yay4lMjB0aGVyZSUyMGFyZSUyMHNldmVyYWwlMjBvcHRpb25zJTIwZm9yJTIweW91JTIwdG8lMjBnZXQlMjB1cyUyMHlvdXIlMjBsb2dvJTIwZm9yJTIweW91ciUyMG9yZGVyJTIwb3IlMjBhJTIwdmlydHVhbCUyMGRlc2lnbiUyMiUyQyUyMmRzdCUyMiUzQSUyMiVFNiU4OCU5MSVFNCVCQiVBQyVFNSVCOCU4QyVFNiU5QyU5QiVFOCVBRSVBOSVFNiU4MiVBOCVFNSVCMCVCRCVFNSU4RiVBRiVFOCU4MyVCRCVFOCVCRCVCQiVFNiU5RCVCRSVFNSU5QyVCMCVFNSU5MCU5MSVFNiU4OCU5MSVFNCVCQiVBQyVFNSU4RiU5MSVFOSU4MCU4MSVFNiU4MiVBOCVFNyU5QSU4NCVFOCU4OSVCQSVFNiU5QyVBRiVFNSU5MyU4MSVFMyU4MCU4MiVFNiU4MiVBOCVFNiU5QyU4OSVFNSU4NyVBMCVFNyVBNyU4RCVFOSU4MCU4OSVFNiU4QiVBOSVFNSU4RiVBRiVFNCVCQiVBNSVFOCVBRSVBOSVFNiU4OCU5MSVFNCVCQiVBQyVFNCVCOCVCQSVFNiU4MiVBOCVFNyU5QSU4NCVFOCVBRSVBMiVFNSU4RCU5NSVFNiU4OCU5NiVFOCU5OSU5QSVFNiU4QiU5RiVFOCVBRSVCRSVFOCVBRSVBMSVFOCU4RSVCNyVFNSVCRSU5NyVFNiU4MiVBOCVFNyU5QSU4NCVFNSVCRSVCRCVFNiVBMCU4NyUyMiUyQyUyMm1ldGFkYXRhJTIyJTNBJTIyJTIyJTJDJTIybWV0YURhdGElMjIlM0ElNUIlNUQlMkMlMjJ0ZXh0JTIyJTNBJTIyV2UlMjB3YW50JTIwdG8lMjBtYWtlJTIwaXQlMjBhcyUyMGVhc3klMjBhcyUyMHBvc3NpYmxlJTIwZm9yJTIweW91JTIwdG8lMjBzZW5kJTIwdXMlMjB5b3VyJTIwYXJ0d29yay4lMjB0aGVyZSUyMGFyZSUyMHNldmVyYWwlMjBvcHRpb25zJTIwZm9yJTIweW91JTIwdG8lMjBnZXQlMjB1cyUyMHlvdXIlMjBsb2dvJTIwZm9yJTIweW91ciUyMG9yZGVyJTIwb3IlMjBhJTIwdmlydHVhbCUyMGRlc2lnbiUyMiU3RCU1RCU3RCUyQyU3QiUyMnR5cGUlMjIlM0ElMjJwYXJhZ3JhcGglMjIlMkMlMjJjaGlsZHJlbiUyMiUzQSU1QiU3QiUyMmlkJTIyJTNBJTIyVldBUGpEbzhOQiUyMiUyQyUyMnBhcmFJZHglMjIlM0E1JTJDJTIyc3JjJTIyJTNBJTIyJTIyJTJDJTIyZHN0JTIyJTNBJTIyJTIyJTJDJTIybWV0YWRhdGElMjIlM0ElMjIlMjIlMkMlMjJtZXRhRGF0YSUyMiUzQSU1QiU1RCUyQyUyMnRleHQlMjIlM0ElMjIlMjIlN0QlNUQlN0QlMkMlN0IlMjJ0eXBlJTIyJTNBJTIycGFyYWdyYXBoJTIyJTJDJTIyY2hpbGRyZW4lMjIlM0ElNUIlN0IlMjJpZCUyMiUzQSUyMkI4UW9Xd1pPNWUlMjIlMkMlMjJwYXJhSWR4JTIyJTNBNiUyQyUyMnNyYyUyMiUzQSUyMjEuJTIwJTIwQnklMjBFbWFpbCUyMHdpdGglMjB5b3VyJTIwYXJ0d29yayUyMGZpbGUlMjBhdHRhY2hlZC4lMjAlMjIlMkMlMjJkc3QlMjIlM0ElMjIxLiVFOSU4MCU5QSVFOCVCRiU4NyVFNyU5NCVCNSVFNSVBRCU5MCVFOSU4MiVBRSVFNCVCQiVCNiVFOSU5OSU4NCVFNCVCOCU4QSVFNiU4MiVBOCVFNyU5QSU4NCVFOCU4OSVCQSVFNiU5QyVBRiVFNCVCRCU5QyVFNSU5MyU4MSVFNiU5NiU4NyVFNCVCQiVCNiVFMyU4MCU4MiUyMiUyQyUyMm1ldGFkYXRhJTIyJTNBJTIyJTIyJTJDJTIybWV0YURhdGElMjIlM0ElNUIlNUQlMkMlMjJ0ZXh0JTIyJTNBJTIyMS4lMjAlMjBCeSUyMEVtYWlsJTIwd2l0aCUyMHlvdXIlMjBhcnR3b3JrJTIwZmlsZSUyMGF0dGFjaGVkLiUyMCUyMiU3RCUyQyU3QiUyMmlkJTIyJTNBJTIyVjFKb0QweE5EeiUyMiUyQyUyMnBhcmFJZHglMjIlM0E2JTJDJTIyc3JjJTIyJTNBJTIyVGhlJTIwbWF4aW11bSUyMGZpbGUlMjBzaXplJTIwaXMlMjAxME1CJTIyJTJDJTIyZHN0JTIyJTNBJTIyJUU2JTlDJTgwJUU1JUE0JUE3JUU2JTk2JTg3JUU0JUJCJUI2JUU1JUE0JUE3JUU1JUIwJThGJUU0JUI4JUJBMTBNQiUyMiUyQyUyMm1ldGFkYXRhJTIyJTNBJTIyJTIyJTJDJTIybWV0YURhdGElMjIlM0ElNUIlNUQlMkMlMjJ0ZXh0JTIyJTNBJTIyVGhlJTIwbWF4aW11bSUyMGZpbGUlMjBzaXplJTIwaXMlMjAxME1CJTIyJTdEJTVEJTdEJTJDJTdCJTIydHlwZSUyMiUzQSUyMnBhcmFncmFwaCUyMiUyQyUyMmNoaWxkcmVuJTIyJTNBJTVCJTdCJTIyaWQlMjIlM0ElMjJCdkRhUTdLcjhWJTIyJTJDJTIycGFyYUlkeCUyMiUzQTclMkMlMjJzcmMlMjIlM0ElMjIlMjIlMkMlMjJkc3QlMjIlM0ElMjIlMjIlMkMlMjJtZXRhZGF0YSUyMiUzQSUyMiUyMiUyQyUyMm1ldGFEYXRhJTIyJTNBJTVCJTVEJTJDJTIydGV4dCUyMiUzQSUyMiUyMiU3RCU1RCU3RCUyQyU3QiUyMnR5cGUlMjIlM0ElMjJwYXJhZ3JhcGglMjIlMkMlMjJjaGlsZHJlbiUyMiUzQSU1QiU3QiUyMmlkJTIyJTNBJTIyZWpsb3c3cFJXeiUyMiUyQyUyMnBhcmFJZHglMjIlM0E4JTJDJTIyc3JjJTIyJTNBJTIyMi4lMjAlMjBVcGxvYWQlMjB5b3VyJTIwbG9nbyUyMGR1cmluZyUyMHlvdXIlMjBvcmRlciUyMHByb2Nlc3MuJTIyJTJDJTIyZHN0JTIyJTNBJTIyMi4lRTUlOUMlQTglRTglQUUlQTIlRTglQjQlQUQlRTglQkYlODclRTclQTglOEIlRTQlQjglQUQlRTQlQjglOEElRTQlQkMlQTAlRTYlODIlQTglRTclOUElODQlRTUlQkUlQkQlRTYlQTAlODclRTMlODAlODIlMjIlMkMlMjJtZXRhZGF0YSUyMiUzQSUyMiUyMiUyQyUyMm1ldGFEYXRhJTIyJTNBJTVCJTVEJTJDJTIydGV4dCUyMiUzQSUyMjIuJTIwJTIwVXBsb2FkJTIweW91ciUyMGxvZ28lMjBkdXJpbmclMjB5b3VyJTIwb3JkZXIlMjBwcm9jZXNzLiUyMiU3RCU1RCU3RCUyQyU3QiUyMnR5cGUlMjIlM0ElMjJwYXJhZ3JhcGglMjIlMkMlMjJjaGlsZHJlbiUyMiUzQSU1QiU3QiUyMmlkJTIyJTNBJTIyVk5RYVhrcWxZZSUyMiUyQyUyMnBhcmFJZHglMjIlM0E5JTJDJTIyc3JjJTIyJTNBJTIyJTIyJTJDJTIyZHN0JTIyJTNBJTIyJTIyJTJDJTIybWV0YWRhdGElMjIlM0ElMjIlMjIlMkMlMjJtZXRhRGF0YSUyMiUzQSU1QiU1RCUyQyUyMnRleHQlMjIlM0ElMjIlMjIlN0QlNUQlN0QlMkMlN0IlMjJ0eXBlJTIyJTNBJTIycGFyYWdyYXBoJTIyJTJDJTIyY2hpbGRyZW4lMjIlM0ElNUIlN0IlMjJpZCUyMiUzQSUyMnpuMXhyN3ZScVYlMjIlMkMlMjJwYXJhSWR4JTIyJTNBMTAlMkMlMjJzcmMlMjIlM0ElMjJXZSUyMGFjY2VwdCUyMHRoZSUyMGZvbGxvd2luZyUyMGZpbGUlMjBmb3JtYXRzJTNBJTIwJTIwJTIwJTIyJTJDJTIyZHN0JTIyJTNBJTIyJUU2JTg4JTkxJUU0JUJCJUFDJUU2JThFJUE1JUU1JThGJTk3JUU0JUJCJUE1JUU0JUI4JThCJUU2JTk2JTg3JUU0JUJCJUI2JUU2JUEwJUJDJUU1JUJDJThGJUVGJUJDJTlBJTIyJTJDJTIybWV0YWRhdGElMjIlM0ElMjIlMjIlMkMlMjJtZXRhRGF0YSUyMiUzQSU1QiU1RCUyQyUyMnRleHQlMjIlM0ElMjJXZSUyMGFjY2VwdCUyMHRoZSUyMGZvbGxvd2luZyUyMGZpbGUlMjBmb3JtYXRzJTNBJTIwJTIwJTIwJTIyJTdEJTVEJTdEJTJDJTdCJTIydHlwZSUyMiUzQSUyMnBhcmFncmFwaCUyMiUyQyUyMmNoaWxkcmVuJTIyJTNBJTVCJTdCJTIyaWQlMjIlM0ElMjJ6WUU5amRKdnZ6JTIyJTJDJTIycGFyYUlkeCUyMiUzQTExJTJDJTIyc3JjJTIyJTNBJTIyJTIyJTJDJTIyZHN0JTIyJTNBJTIyJTIyJTJDJTIybWV0YWRhdGElMjIlM0ElMjIlMjIlMkMlMjJtZXRhRGF0YSUyMiUzQSU1QiU1RCUyQyUyMnRleHQlMjIlM0ElMjIlMjIlN0QlNUQlN0QlMkMlN0IlMjJ0eXBlJTIyJTNBJTIycGFyYWdyYXBoJTIyJTJDJTIyY2hpbGRyZW4lMjIlM0ElNUIlN0IlMjJpZCUyMiUzQSUyMlZrWk45MldSR2UlMjIlMkMlMjJwYXJhSWR4JTIyJTNBMTIlMkMlMjJzcmMlMjIlM0ElMjJTdGFuZGFyZCUyMEltYWdlJTIwRmlsZXMlM0ElMjBqcGclMkN0aWYlMkNnaWYlMkNwbmclMkNwY3glMkNibXAuLi4lMjIlMkMlMjJkc3QlMjIlM0ElMjIlRTYlQTAlODclRTUlODclODYlRTUlOUIlQkUlRTUlODMlOEYlRTYlOTYlODclRTQlQkIlQjYlRUYlQkMlOUFqcGclRTMlODAlODF0aWYlRTMlODAlODFnaWYlRTMlODAlODFwbmclRTMlODAlODFwY3glRTMlODAlODFibXAlRTMlODAlODIlRTMlODAlODIlRTMlODAlODIlMjIlMkMlMjJtZXRhZGF0YSUyMiUzQSUyMiUyMiUyQyUyMm1ldGFEYXRhJTIyJTNBJTVCJTVEJTJDJTIydGV4dCUyMiUzQSUyMlN0YW5kYXJkJTIwSW1hZ2UlMjBGaWxlcyUzQSUyMGpwZyUyQ3RpZiUyQ2dpZiUyQ3BuZyUyQ3BjeCUyQ2JtcC4uLiUyMiU3RCU1RCU3RCUyQyU3QiUyMnR5cGUlMjIlM0ElMjJwYXJhZ3JhcGglMjIlMkMlMjJjaGlsZHJlbiUyMiUzQSU1QiU3QiUyMmlkJTIyJTNBJTIyZW1EWXE3MVJ5QiUyMiUyQyUyMnBhcmFJZHglMjIlM0ExMyUyQyUyMnNyYyUyMiUzQSUyMiUyMiUyQyUyMmRzdCUyMiUzQSUyMiUyMiUyQyUyMm1ldGFkYXRhJTIyJTNBJTIyJTIyJTJDJTIybWV0YURhdGElMjIlM0ElNUIlNUQlMkMlMjJ0ZXh0JTIyJTNBJTIyJTIyJTdEJTVEJTdEJTJDJTdCJTIydHlwZSUyMiUzQSUyMnBhcmFncmFwaCUyMiUyQyUyMmNoaWxkcmVuJTIyJTNBJTVCJTdCJTIyaWQlMjIlM0ElMjJWTWw5alk3WlllJTIyJTJDJTIycGFyYUlkeCUyMiUzQTE0JTJDJTIyc3JjJTIyJTNBJTIyQWRvYmUlMjBGaWxlcyUzQSUyMGFpJTJDcHNkJTJDcGRmJTJDZXBzLi4uJTIyJTJDJTIyZHN0JTIyJTNBJTIyQWRvYmUlRTYlOTYlODclRTQlQkIlQjYlRUYlQkMlOUFhaSVFMyU4MCU4MXBzZCVFMyU4MCU4MXBkZiVFMyU4MCU4MWVwcyVFMyU4MCU4MiVFMyU4MCU4MiVFMyU4MCU4MiUyMiUyQyUyMm1ldGFkYXRhJTIyJTNBJTIyJTIyJTJDJTIybWV0YURhdGElMjIlM0ElNUIlNUQlMkMlMjJ0ZXh0JTIyJTNBJTIyQWRvYmUlMjBGaWxlcyUzQSUyMGFpJTJDcHNkJTJDcGRmJTJDZXBzLi4uJTIyJTdEJTVEJTdEJTJDJTdCJTIydHlwZSUyMiUzQSUyMnBhcmFncmFwaCUyMiUyQyUyMmNoaWxkcmVuJTIyJTNBJTVCJTdCJTIyaWQlMjIlM0ElMjJlS0Qwak5NZ3ZWJTIyJTJDJTIycGFyYUlkeCUyMiUzQTE1JTJDJTIyc3JjJTIyJTNBJTIyJTIyJTJDJTIyZHN0JTIyJTNBJTIyJTIyJTJDJTIybWV0YWRhdGElMjIlM0ElMjIlMjIlMkMlMjJtZXRhRGF0YSUyMiUzQSU1QiU1RCUyQyUyMnRleHQlMjIlM0ElMjIlMjIlN0QlNUQlN0QlMkMlN0IlMjJ0eXBlJTIyJTNBJTIycGFyYWdyYXBoJTIyJTJDJTIyY2hpbGRyZW4lMjIlM0ElNUIlN0IlMjJpZCUyMiUzQSUyMlY3RDRwM3JPZ3olMjIlMkMlMjJwYXJhSWR4JTIyJTNBMTYlMkMlMjJzcmMlMjIlM0ElMjJDb3JlbCUyMERyYXclM0ElMjBjZHIlMjIlMkMlMjJkc3QlMjIlM0ElMjJDb3JlbCVFNiU4QSVCRCVFNSVBNSU5NiVFRiVCQyU5QWNkciUyMiUyQyUyMm1ldGFkYXRhJTIyJTNBJTIyJTIyJTJDJTIybWV0YURhdGElMjIlM0ElNUIlNUQlMkMlMjJ0ZXh0JTIyJTNBJTIyQ29yZWwlMjBEcmF3JTNBJTIwY2RyJTIyJTdEJTVEJTdEJTJDJTdCJTIydHlwZSUyMiUzQSUyMnBhcmFncmFwaCUyMiUyQyUyMmNoaWxkcmVuJTIyJTNBJTVCJTdCJTIyaWQlMjIlM0ElMjJCNHJRYnk5T2RWJTIyJTJDJTIycGFyYUlkeCUyMiUzQTE3JTJDJTIyc3JjJTIyJTNBJTIyJTIyJTJDJTIyZHN0JTIyJTNBJTIyJTIyJTJDJTIybWV0YWRhdGElMjIlM0ElMjIlMjIlMkMlMjJtZXRhRGF0YSUyMiUzQSU1QiU1RCUyQyUyMnRleHQlMjIlM0ElMjIlMjIlN0QlNUQlN0QlMkMlN0IlMjJ0eXBlJTIyJTNBJTIycGFyYWdyYXBoJTIyJTJDJTIyY2hpbGRyZW4lMjIlM0ElNUIlN0IlMjJpZCUyMiUzQSUyMlZBbDhLZFdPM2UlMjIlMkMlMjJwYXJhSWR4JTIyJTNBMTglMkMlMjJzcmMlMjIlM0ElMjJJZiUyMHlvdSUyMGhhdmUlMjBhbiUyMGltYWdlJTIwZmlsZSUyMHR5cGUlMjB0aGF0JTIwaXMlMjBub3QlMjBsaXN0ZWQlMjBhYm92ZSUyQyUyMGp1c3QlMjBzZW5kJTIwd2hhdCUyMHlvdSUyMGhhdmUlMjBhbmQlMjB3ZSUyMHNob3VsZCUyMGJlJTIwYWJsZSUyMHRvJTIwbWFrZSUyMGl0JTIwd29yay4lMjBXZSVFMiU4MCU5OWxsJTIwbGV0JTIweW91JTIwa25vdyUyMHJpZ2h0JTIwYXdheSUyMGlmJTIwd2UlMjBuZWVkJTIwYSUyMGRpZmZlcmVudCUyMGZpbGUuJTIwJTIyJTJDJTIyZHN0JTIyJTNBJTIyJUU1JUE2JTgyJUU2JTlFJTlDJUU2JTgyJUE4JUU2JTlDJTg5JUU0JUI4JThBJUU5JTlEJUEyJUU2JUIyJUExJUU2JTlDJTg5JUU1JTg4JTk3JUU1JTg3JUJBJUU3JTlBJTg0JUU1JTlCJUJFJUU1JTgzJThGJUU2JTk2JTg3JUU0JUJCJUI2JUU3JUIxJUJCJUU1JTlFJThCJUVGJUJDJThDJUU1JThGJUFBJUU5JTlDJTgwJUU1JThGJTkxJUU5JTgwJTgxJUU2JTgyJUE4JUU2JTg5JTgwJUU2JThCJUE1JUU2JTlDJTg5JUU3JTlBJTg0JUVGJUJDJThDJUU2JTg4JTkxJUU0JUJCJUFDJUU1JUJBJTk0JUU4JUFGJUE1JUU4JTgzJUJEJUU1JUE0JTlGJUU0JUJEJUJGJUU1JTg1JUI2JUU2JUFEJUEzJUU1JUI4JUI4JUU1JUI3JUE1JUU0JUJEJTlDJUUzJTgwJTgyJUU1JUE2JTgyJUU2JTlFJTlDJUU2JTg4JTkxJUU0JUJCJUFDJUU5JTlDJTgwJUU4JUE2JTgxJUU1JTg1JUI2JUU0JUJCJTk2JUU2JTk2JTg3JUU0JUJCJUI2JUVGJUJDJThDJUU2JTg4JTkxJUU0JUJCJUFDJUU0JUJDJTlBJUU3JUFCJThCJUU1JThEJUIzJUU5JTgwJTlBJUU3JTlGJUE1JUU2JTgyJUE4JUUzJTgwJTgyJTIyJTJDJTIybWV0YWRhdGElMjIlM0ElMjIlMjIlMkMlMjJtZXRhRGF0YSUyMiUzQSU1QiU1RCUyQyUyMnRleHQlMjIlM0ElMjJJZiUyMHlvdSUyMGhhdmUlMjBhbiUyMGltYWdlJTIwZmlsZSUyMHR5cGUlMjB0aGF0JTIwaXMlMjBub3QlMjBsaXN0ZWQlMjBhYm92ZSUyQyUyMGp1c3QlMjBzZW5kJTIwd2hhdCUyMHlvdSUyMGhhdmUlMjBhbmQlMjB3ZSUyMHNob3VsZCUyMGJlJTIwYWJsZSUyMHRvJTIwbWFrZSUyMGl0JTIwd29yay4lMjBXZSVFMiU4MCU5OWxsJTIwbGV0JTIweW91JTIwa25vdyUyMHJpZ2h0JTIwYXdheSUyMGlmJTIwd2UlMjBuZWVkJTIwYSUyMGRpZmZlcmVudCUyMGZpbGUuJTIwJTIyJTdEJTJDJTdCJTIyaWQlMjIlM0ElMjJlR3cxbzhuT3hlJTIyJTJDJTIycGFyYUlkeCUyMiUzQTE4JTJDJTIyc3JjJTIyJTNBJTIyV2UlMjBhbHNvJTIwY2FuJTIwaGF2ZSUyMG91ciUyMGFydCUyMHRlYW0lMjB3b3JrJTIwd2l0aCUyMHlvdSUyMGlmJTIwbmVlZCUyMGJlLiUyMiUyQyUyMmRzdCUyMiUzQSUyMiVFNSVBNiU4MiVFNiU5RSU5QyVFOSU5QyU4MCVFOCVBNiU4MSVFRiVCQyU4QyVFNiU4OCU5MSVFNCVCQiVBQyVFNCVCOSU5RiVFNSU4RiVBRiVFNCVCQiVBNSVFOCVBRSVBOSVFNiU4OCU5MSVFNCVCQiVBQyVFNyU5QSU4NCVFOCU4OSVCQSVFNiU5QyVBRiVFNSU5QiVBMiVFOSU5OCU5RiVFNCVCOCU4RSVFNiU4MiVBOCVFNSU5MCU4OCVFNCVCRCU5QyVFMyU4MCU4MiUyMiUyQyUyMm1ldGFkYXRhJTIyJTNBJTIyJTIyJTJDJTIybWV0YURhdGElMjIlM0ElNUIlNUQlMkMlMjJ0ZXh0JTIyJTNBJTIyV2UlMjBhbHNvJTIwY2FuJTIwaGF2ZSUyMG91ciUyMGFydCUyMHRlYW0lMjB3b3JrJTIwd2l0aCUyMHlvdSUyMGlmJTIwbmVlZCUyMGJlLiUyMiU3RCU1RCU3RCUyQyU3QiUyMnR5cGUlMjIlM0ElMjJwYXJhZ3JhcGglMjIlMkMlMjJjaGlsZHJlbiUyMiUzQSU1QiU3QiUyMmlkJTIyJTNBJTIyZTZXbFFYZ092ViUyMiUyQyUyMnBhcmFJZHglMjIlM0ExOSUyQyUyMnNyYyUyMiUzQSUyMiUyMiUyQyUyMmRzdCUyMiUzQSUyMiUyMiUyQyUyMm1ldGFkYXRhJTIyJTNBJTIyJTIyJTJDJTIybWV0YURhdGElMjIlM0ElNUIlNUQlMkMlMjJ0ZXh0JTIyJTNBJTIyJTIyJTdEJTVEJTdEJTJDJTdCJTIydHlwZSUyMiUzQSUyMnBhcmFncmFwaCUyMiUyQyUyMmNoaWxkcmVuJTIyJTNBJTVCJTdCJTIyaWQlMjIlM0ElMjJWUmxLcWFSYm5CJTIyJTJDJTIycGFyYUlkeCUyMiUzQTIwJTJDJTIyc3JjJTIyJTNBJTIyV2UlMjBhcmUlMjBoYXBweSUyMHRvJTIwYWNjZXB0JTIwYW55JTIwYXJ0d29yayUyMHlvdSUyMGhhdmUlMjBhbmQlMjBwcmludCUyMGl0JTIwb3V0LiUyMiUyQyUyMmRzdCUyMiUzQSUyMiVFNiU4OCU5MSVFNCVCQiVBQyVFNSVCRSU4OCVFNCVCOSU5MCVFNiU4NCU4RiVFNiU4RSVBNSVFNSU4RiU5NyVFNiU4MiVBOCVFNiU4QiVBNSVFNiU5QyU4OSVFNyU5QSU4NCVFNCVCQiVCQiVFNCVCRCU5NSVFOCU4OSVCQSVFNiU5QyVBRiVFNSU5MyU4MSVFNSVCOSVCNiVFNSVCMCU4NiVFNSU4NSVCNiVFNiU4OSU5MyVFNSU4RCVCMCVFNSU4NyVCQSVFNiU5RCVBNSVFMyU4MCU4MiUyMiUyQyUyMm1ldGFkYXRhJTIyJTNBJTIyJTIyJTJDJTIybWV0YURhdGElMjIlM0ElNUIlNUQlMkMlMjJ0ZXh0JTIyJTNBJTIyV2UlMjBhcmUlMjBoYXBweSUyMHRvJTIwYWNjZXB0JTIwYW55JTIwYXJ0d29yayUyMHlvdSUyMGhhdmUlMjBhbmQlMjBwcmludCUyMGl0JTIwb3V0LiUyMiU3RCU1RCU3RCUyQyU3QiUyMnR5cGUlMjIlM0ElMjJwYXJhZ3JhcGglMjIlMkMlMjJjaGlsZHJlbiUyMiUzQSU1QiU3QiUyMmlkJTIyJTNBJTIyVjU0WlB5YU8zZSUyMiUyQyUyMnBhcmFJZHglMjIlM0EyMSUyQyUyMnNyYyUyMiUzQSUyMiUyMiUyQyUyMmRzdCUyMiUzQSUyMiUyMiUyQyUyMm1ldGFkYXRhJTIyJTNBJTIyJTIyJTJDJTIybWV0YURhdGElMjIlM0ElNUIlNUQlMkMlMjJ0ZXh0JTIyJTNBJTIyJTIyJTdEJTVEJTdEJTJDJTdCJTIydHlwZSUyMiUzQSUyMnBhcmFncmFwaCUyMiUyQyUyMmNoaWxkcmVuJTIyJTNBJTVCJTdCJTIyaWQlMjIlM0ElMjJ6eVp4ODdBRG1CJTIyJTJDJTIycGFyYUlkeCUyMiUzQTIyJTJDJTIyc3JjJTIyJTNBJTIySWYlMjB5b3UlMjB0aGluayUyMHlvdSUyMG1pZ2h0JTIwbmVlZCUyMHlvdXIlMjBhcnQlMjBmb3IlMjBhJTIwZnV0dXJlJTIwb3JkZXIlMkMlMjB3ZSUyMGFyZSUyMGhhcHB5JTIwdG8lMjBoYW5nJTIwb24lMjB0byUyMGl0JTIwZm9yJTIweW91JTIwdG8lMjBleHBlZGl0ZSUyMHlvdXIlMjBuZXh0JTIwcHVyY2hhc2UlMjBvcmRlci4lMjIlMkMlMjJkc3QlMjIlM0ElMjIlRTUlQTYlODIlRTYlOUUlOUMlRTYlODIlQTglRTglQUUlQTQlRTQlQjglQkElRTYlOUMlQUElRTYlOUQlQTUlRTclOUElODQlRTglQUUlQTIlRTUlOEQlOTUlRTUlOEYlQUYlRTglODMlQkQlRTklOUMlODAlRTglQTYlODElRTYlODIlQTglRTclOUElODQlRTglODklQkElRTYlOUMlQUYlRTUlOTMlODElRUYlQkMlOEMlRTYlODglOTElRTQlQkIlQUMlRTUlQkUlODglRTQlQjklOTAlRTYlODQlOEYlRTQlQjglQkElRTYlODIlQTglRTQlQkYlOUQlRTclOTUlOTklRTUlQUUlODMlRUYlQkMlOEMlRTQlQkIlQTUlRTUlOEElQTAlRTUlQkYlQUIlRTYlODIlQTglRTclOUElODQlRTQlQjglOEIlRTQlQjglODAlRTQlQjglQUElRTklODclODclRTglQjQlQUQlRTglQUUlQTIlRTUlOEQlOTUlRTMlODAlODIlMjIlMkMlMjJtZXRhZGF0YSUyMiUzQSUyMiUyMiUyQyUyMm1ldGFEYXRhJTIyJTNBJTVCJTVEJTJDJTIydGV4dCUyMiUzQSUyMklmJTIweW91JTIwdGhpbmslMjB5b3UlMjBtaWdodCUyMG5lZWQlMjB5b3VyJTIwYXJ0JTIwZm9yJTIwYSUyMGZ1dHVyZSUyMG9yZGVyJTJDJTIwd2UlMjBhcmUlMjBoYXBweSUyMHRvJTIwaGFuZyUyMG9uJTIwdG8lMjBpdCUyMGZvciUyMHlvdSUyMHRvJTIwZXhwZWRpdGUlMjB5b3VyJTIwbmV4dCUyMHB1cmNoYXNlJTIwb3JkZXIuJTIyJTdEJTVEJTdEJTJDJTdCJTIydHlwZSUyMiUzQSUyMnBhcmFncmFwaCUyMiUyQyUyMmNoaWxkcmVuJTIyJTNBJTVCJTdCJTIyaWQlMjIlM0ElMjJlMm9tTHkzbmdWJTIyJTJDJTIycGFyYUlkeCUyMiUzQTIzJTJDJTIyc3JjJTIyJTNBJTIyJTIyJTJDJTIyZHN0JTIyJTNBJTIyJTIyJTJDJTIybWV0YWRhdGElMjIlM0ElMjIlMjIlMkMlMjJtZXRhRGF0YSUyMiUzQSU1QiU1RCUyQyUyMnRleHQlMjIlM0ElMjIlMjIlN0QlNUQlN0QlMkMlN0IlMjJ0eXBlJTIyJTNBJTIycGFyYWdyYXBoJTIyJTJDJTIyY2hpbGRyZW4lMjIlM0ElNUIlN0IlMjJpZCUyMiUzQSUyMmVFZzlLcGpPWnolMjIlMkMlMjJwYXJhSWR4JTIyJTNBMjQlMkMlMjJzcmMlMjIlM0ElMjJBbGwlMjB5b3UlMjBuZWVkJTIwdG8lMjBkbyUyMGlzJTIwdGVsbCUyMHVzJTIwd2hhdCUyMHlvdSUyMG5lZWQlMkMlMjBhbmQlMjB3ZSUyMHdpbGwlMjBkbyUyMG91ciUyMGJlc3QlMjB0byUyMGRvJTIwdGhlJTIwcmVzdC4lMjBXZSUyMGFyZSUyMGFsc28lMjBoYXBweSUyMHRvJTIwY29tbXVuaWNhdGUlMjB3aXRoJTIweW91LiUyMCUyMiUyQyUyMmRzdCUyMiUzQSUyMiVFNiU4MiVBOCVFOSU5QyU4MCVFOCVBNiU4MSVFNSU4MSU5QSVFNyU5QSU4NCVFNSVCMCVCMSVFNiU5OCVBRiVFNSU5MSU4QSVFOCVBRiU4OSVFNiU4OCU5MSVFNCVCQiVBQyVFNiU4MiVBOCVFOSU5QyU4MCVFOCVBNiU4MSVFNCVCQiU4MCVFNCVCOSU4OCVFRiVCQyU4QyVFNiU4OCU5MSVFNCVCQiVBQyVFNSVCMCU4NiVFNSVCMCVCRCVFNiU5QyU4MCVFNSVBNCVBNyVFNSU4QSVBQSVFNSU4QSU5QiVFNSVBRSU4QyVFNiU4OCU5MCVFNSU4OSVBOSVFNCVCOCU4QiVFNyU5QSU4NCVFNSVCNyVBNSVFNCVCRCU5QyVFMyU4MCU4MiVFNiU4OCU5MSVFNCVCQiVBQyVFNCVCOSU5RiVFNSVCRSU4OCVFNCVCOSU5MCVFNiU4NCU4RiVFNCVCOCU4RSVFNiU4MiVBOCVFNiVCMiU5RiVFOSU4MCU5QSVFMyU4MCU4MiUyMiUyQyUyMm1ldGFkYXRhJTIyJTNBJTIyJTIyJTJDJTIybWV0YURhdGElMjIlM0ElNUIlNUQlMkMlMjJ0ZXh0JTIyJTNBJTIyQWxsJTIweW91JTIwbmVlZCUyMHRvJTIwZG8lMjBpcyUyMHRlbGwlMjB1cyUyMHdoYXQlMjB5b3UlMjBuZWVkJTJDJTIwYW5kJTIwd2UlMjB3aWxsJTIwZG8lMjBvdXIlMjBiZXN0JTIwdG8lMjBkbyUyMHRoZSUyMHJlc3QuJTIwV2UlMjBhcmUlMjBhbHNvJTIwaGFwcHklMjB0byUyMGNvbW11bmljYXRlJTIwd2l0aCUyMHlvdS4lMjAlMjIlN0QlMkMlN0IlMjJpZCUyMiUzQSUyMkJvUDRaN2pSR2UlMjIlMkMlMjJwYXJhSWR4JTIyJTNBMjQlMkMlMjJzcmMlMjIlM0ElMjJQbGVhc2UlMjBjb250YWN0JTIwdXMlMjBvciUyMGNoYXQlMjB3aXRoJTIwdXMlMjBvbmxpbmUuJTIyJTJDJTIyZHN0JTIyJTNBJTIyJUU4JUFGJUI3JUU4JTgxJTk0JUU3JUIzJUJCJUU2JTg4JTkxJUU0JUJCJUFDJUU2JTg4JTk2JUU1JTlDJUE4JUU3JUJBJUJGJUU4JTgxJThBJUU1JUE0JUE5JUUzJTgwJTgyJTIyJTJDJTIybWV0YWRhdGElMjIlM0ElMjIlMjIlMkMlMjJtZXRhRGF0YSUyMiUzQSU1QiU1RCUyQyUyMnRleHQlMjIlM0ElMjJQbGVhc2UlMjBjb250YWN0JTIwdXMlMjBvciUyMGNoYXQlMjB3aXRoJTIwdXMlMjBvbmxpbmUuJTIyJTdEJTVEJTdEJTJDJTdCJTIydHlwZSUyMiUzQSUyMnBhcmFncmFwaCUyMiUyQyUyMmNoaWxkcmVuJTIyJTNBJTVCJTdCJTIyaWQlMjIlM0ElMjJWMExvbHlYajVWJTIyJTJDJTIycGFyYUlkeCUyMiUzQTI1JTJDJTIyc3JjJTIyJTNBJTIyJTIyJTJDJTIyZHN0JTIyJTNBJTIyJTIyJTJDJTIybWV0YWRhdGElMjIlM0ElMjIlMjIlMkMlMjJtZXRhRGF0YSUyMiUzQSU1QiU1RCUyQyUyMnRleHQlMjIlM0ElMjIlMjIlN0QlNUQlN0QlMkMlN0IlMjJ0eXBlJTIyJTNBJTIycGFyYWdyYXBoJTIyJTJDJTIyY2hpbGRyZW4lMjIlM0ElNUIlN0IlMjJpZCUyMiUzQSUyMmVKT2dNam1hcFYlMjIlMkMlMjJwYXJhSWR4JTIyJTNBMjYlMkMlMjJzcmMlMjIlM0ElMjJGb3IlMjBhZGRpdGlvbmFsJTIwaW5mb3JtYXRpb24lMkNjaGVjayUyMG91dCUyMG91ciUyMHBhZ2UuJTIyJTJDJTIyZHN0JTIyJTNBJTIyJUU1JUE2JTgyJUU5JTlDJTgwJUU2JTlCJUI0JUU1JUE0JTlBJUU0JUJGJUExJUU2JTgxJUFGJUVGJUJDJThDJUU4JUFGJUI3JUU2JTlGJUE1JUU3JTlDJThCJUU2JTg4JTkxJUU0JUJCJUFDJUU3JTlBJTg0JUU5JUExJUI1JUU5JTlEJUEyJUUzJTgwJTgyJTIyJTJDJTIybWV0YWRhdGElMjIlM0ElMjIlMjIlMkMlMjJtZXRhRGF0YSUyMiUzQSU1QiU1RCUyQyUyMnRleHQlMjIlM0ElMjJGb3IlMjBhZGRpdGlvbmFsJTIwaW5mb3JtYXRpb24lMkNjaGVjayUyMG91dCUyMG91ciUyMHBhZ2UuJTIyJTdEJTVEJTdEJTJDJTdCJTIydHlwZSUyMiUzQSUyMnBhcmFncmFwaCUyMiUyQyUyMmNoaWxkcmVuJTIyJTNBJTVCJTdCJTIyaWQlMjIlM0ElMjJCWE9QSkwwMUF6JTIyJTJDJTIycGFyYUlkeCUyMiUzQTI3JTJDJTIyc3JjJTIyJTNBJTIyJTIyJTJDJTIyZHN0JTIyJTNBJTIyJTIyJTJDJTIybWV0YWRhdGElMjIlM0ElMjIlMjIlMkMlMjJtZXRhRGF0YSUyMiUzQSU1QiU1RCUyQyUyMnRleHQlMjIlM0ElMjIlMjIlN0QlNUQlN0QlMkMlN0IlMjJ0eXBlJTIyJTNBJTIycGFyYWdyYXBoJTIyJTJDJTIyY2hpbGRyZW4lMjIlM0ElNUIlN0IlMjJpZCUyMiUzQSUyMmV4eDVXNzRsUmUlMjIlMkMlMjJwYXJhSWR4JTIyJTNBMjglMkMlMjJzcmMlMjIlM0ElMjIlMjIlMkMlMjJkc3QlMjIlM0ElMjIlMjIlMkMlMjJtZXRhZGF0YSUyMiUzQSUyMiUyMiUyQyUyMm1ldGFEYXRhJTIyJTNBJTVCJTVEJTJDJTIydGV4dCUyMiUzQSUyMiUyMiU3RCU1RCU3RCU1RA==\"><p><span data-slate-node=\"text\"><span class=\"null\" data-slate-leaf=\"true\" data-sent-id=\"eJOgMjmapV\">Pro dal\u0161\u00ed informace se pod\u00edvejte na na\u0161i str\u00e1nku.<\/span><\/span><\/p><\/div>\t\t\t\t\t\t\t\t<\/div>\n\t\t\t\t\t<\/div>\n\t\t\t\t<\/div>\n\t\t\t\t<\/div>","protected":false},"excerpt":{"rendered":"<p>Pokyny pro um\u011bleck\u00e1 d\u00edla Pokyny pro um\u011bleck\u00e1 d\u00edla Anzonnpromo Pokyny pro um\u011bleck\u00e1 d\u00edla Zas\u00edl\u00e1n\u00ed um\u011bleck\u00fdch d\u011bl na Anzonnpromo Chceme v\u00e1m co nejv\u00edce usnadnit zasl\u00e1n\u00ed va\u0161ich um\u011bleck\u00fdch d\u011bl. Existuje n\u011bkolik mo\u017enost\u00ed, jak n\u00e1m z\u00edskat sv\u00e9 logo pro va\u0161i objedn\u00e1vku nebo virtu\u00e1ln\u00ed n\u00e1vrh. 1. E-mailem s p\u0159ilo\u017een\u00fdm souborem va\u0161eho um\u011bleck\u00e9ho d\u00edla. Maxim\u00e1ln\u00ed velikost souboru je 10 MB 2. Nahrajte sv\u016fj\u2026<\/p>","protected":false},"author":1,"featured_media":0,"parent":0,"menu_order":0,"comment_status":"closed","ping_status":"closed","template":"","meta":{"_kad_post_transparent":"default","_kad_post_title":"default","_kad_post_layout":"default","_kad_post_sidebar_id":"","_kad_post_content_style":"default","_kad_post_vertical_padding":"default","_kad_post_feature":"","_kad_post_feature_position":"","_kad_post_header":false,"_kad_post_footer":false,"_kad_post_classname":"","footnotes":""},"class_list":["post-3368","page","type-page","status-publish","hentry"],"_links":{"self":[{"href":"https:\/\/anzonnpromo.com\/cs\/wp-json\/wp\/v2\/pages\/3368","targetHints":{"allow":["GET"]}}],"collection":[{"href":"https:\/\/anzonnpromo.com\/cs\/wp-json\/wp\/v2\/pages"}],"about":[{"href":"https:\/\/anzonnpromo.com\/cs\/wp-json\/wp\/v2\/types\/page"}],"author":[{"embeddable":true,"href":"https:\/\/anzonnpromo.com\/cs\/wp-json\/wp\/v2\/users\/1"}],"replies":[{"embeddable":true,"href":"https:\/\/anzonnpromo.com\/cs\/wp-json\/wp\/v2\/comments?post=3368"}],"version-history":[{"count":0,"href":"https:\/\/anzonnpromo.com\/cs\/wp-json\/wp\/v2\/pages\/3368\/revisions"}],"wp:attachment":[{"href":"https:\/\/anzonnpromo.com\/cs\/wp-json\/wp\/v2\/media?parent=3368"}],"curies":[{"name":"wp","href":"https:\/\/api.w.org\/{rel}","templated":true}]}}