{"id":3859,"date":"2024-09-22T15:50:06","date_gmt":"2024-09-22T15:50:06","guid":{"rendered":"https:\/\/anzonnpromo.com\/?page_id=3859"},"modified":"2025-01-12T14:39:09","modified_gmt":"2025-01-12T14:39:09","slug":"website-accessibility","status":"publish","type":"page","link":"https:\/\/anzonnpromo.com\/cs\/website-accessibility\/","title":{"rendered":"P\u0159\u00edstupnost webov\u00fdch str\u00e1nek"},"content":{"rendered":"<div data-elementor-type=\"wp-page\" data-elementor-id=\"3859\" class=\"elementor elementor-3859\" data-elementor-settings=\"{&quot;ha_cmc_init_switcher&quot;:&quot;no&quot;}\" data-elementor-post-type=\"page\">\n\t\t\t\t<div class=\"elementor-element elementor-element-e54d1ce e-flex e-con-boxed e-con e-parent\" data-id=\"e54d1ce\" data-element_type=\"container\" data-e-type=\"container\" data-settings=\"{&quot;_ha_eqh_enable&quot;:false,&quot;ekit_has_onepagescroll_dot&quot;:&quot;yes&quot;}\">\n\t\t\t\t\t<div class=\"e-con-inner\">\n\t\t\t\t<div class=\"elementor-element elementor-element-34ead642 elementor-widget elementor-widget-text-editor\" data-id=\"34ead642\" data-element_type=\"widget\" data-e-type=\"widget\" data-settings=\"{&quot;ekit_we_effect_on&quot;:&quot;none&quot;}\" data-widget_type=\"text-editor.default\">\n\t\t\t\t\t\t\t\t\t<div data-slate-node=\"element\"><strong>Prohl\u00e1\u0161en\u00ed o p\u0159\u00edstupnosti webu<\/strong><\/div><div data-slate-node=\"element\">\u00a0<\/div><div data-slate-node=\"element\"><span data-slate-node=\"text\">Sna\u017e\u00edme se, aby na\u0161e webov\u00e9 str\u00e1nky byly p\u0159\u00edstupn\u00e9 v\u0161em, v\u010detn\u011b handicapovan\u00fdch.<\/span><\/div><div data-slate-node=\"element\"><span data-slate-node=\"text\">V Anzonnpromo jsme odhodl\u00e1ni poskytovat v\u0161em na\u0161im z\u00e1kazn\u00edk\u016fm digit\u00e1ln\u00ed p\u0159\u00edstupnost.<\/span><span data-slate-node=\"text\">Neust\u00e1le se sna\u017e\u00edme vylep\u0161ovat u\u017eivatelskou zku\u0161enost pro ka\u017ed\u00e9ho a z\u00e1rove\u0148 uplat\u0148ujeme jak\u00e9koli relevantn\u00ed standardy p\u0159\u00edstupnosti. <\/span><span data-slate-node=\"text\">Pro mnoho lid\u00ed dostupnost znamen\u00e1 podporu asisten\u010dn\u00edch technologi\u00ed, kter\u00e9 pou\u017e\u00edvaj\u00ed k proch\u00e1zen\u00ed webu, v\u010detn\u011b \u010dte\u010dky obrazovky, lupy obrazovky, hlasov\u00e9ho vstupu a technologie kl\u00e1vesnice\/p\u0159ep\u00edna\u010de.<\/span><\/div><div data-slate-node=\"element\">\u00a0<\/div><div data-slate-node=\"element\"><span data-slate-node=\"text\">Sm\u011brnice Web Content Accessibility Guidelines stanov\u00ed po\u017eadavky na design\u00e9ry a v\u00fdvoj\u00e1\u0159e, aby zlep\u0161ili p\u0159\u00edstupnost pro osoby se zdravotn\u00edm posti\u017een\u00edm.<\/span><\/div><div data-slate-node=\"element\"><span data-slate-node=\"text\">Za t\u00edmto \u00fa\u010delem jsme p\u0159ijali opat\u0159en\u00ed ke zlep\u0161en\u00ed pou\u017eitelnosti na\u0161ich webov\u00fdch str\u00e1nek pro v\u0161echny z\u00e1kazn\u00edky, kter\u00e1 se \u0159\u00edd\u00ed sm\u011brnic\u00ed Network Content Accessibility Guidelines AA (WCAG 2.1).<br \/><\/span><span data-slate-node=\"text\">Sna\u017e\u00edme se splnit po\u017eadavky a budeme i nad\u00e1le kontrolovat a vylep\u0161ovat na\u0161e webov\u00e9 str\u00e1nky, aby byly p\u0159\u00edstupn\u00e9.<\/span><\/div><div data-slate-node=\"element\"><span data-slate-node=\"text\">Prov\u00e1d\u00edme tak\u00e9 pravideln\u00e9 ru\u010dn\u00ed kontroly a kontroly webov\u00fdch str\u00e1nek.<\/span><\/div><div data-slate-node=\"element\">\u00a0<\/div><div data-slate-node=\"element\" data-slate-fragment=\"JTVCJTdCJTIydHlwZSUyMiUzQSUyMnBhcmFncmFwaCUyMiUyQyUyMmNoaWxkcmVuJTIyJTNBJTVCJTdCJTIyaWQlMjIlM0ElMjJlamxvbUs1NWR6JTIyJTJDJTIycGFyYUlkeCUyMiUzQTAlMkMlMjJzcmMlMjIlM0ElMjJXZWIlMjBBY2Nlc3NpYmlsaXR5JTIwU3RhdGVtZW50JTIyJTJDJTIyZHN0JTIyJTNBJTIyJUU3JUJEJTkxJUU3JUJCJTlDJUU2JTk3JUEwJUU5JTlBJTlDJUU3JUEyJThEJUU1JUEzJUIwJUU2JTk4JThFJTIyJTJDJTIybWV0YWRhdGElMjIlM0ElMjIlMjIlMkMlMjJtZXRhRGF0YSUyMiUzQSU1QiU1RCUyQyUyMnRleHQlMjIlM0ElMjJXZWIlMjBBY2Nlc3NpYmlsaXR5JTIwU3RhdGVtZW50JTIyJTdEJTVEJTdEJTJDJTdCJTIydHlwZSUyMiUzQSUyMnBhcmFncmFwaCUyMiUyQyUyMmNoaWxkcmVuJTIyJTNBJTVCJTdCJTIyaWQlMjIlM0ElMjJWTlFhblI3NzFlJTIyJTJDJTIycGFyYUlkeCUyMiUzQTElMkMlMjJzcmMlMjIlM0ElMjIlMjIlMkMlMjJkc3QlMjIlM0ElMjIlMjIlMkMlMjJtZXRhZGF0YSUyMiUzQSUyMiUyMiUyQyUyMm1ldGFEYXRhJTIyJTNBJTVCJTVEJTJDJTIydGV4dCUyMiUzQSUyMiUyMiU3RCU1RCU3RCUyQyU3QiUyMnR5cGUlMjIlM0ElMjJwYXJhZ3JhcGglMjIlMkMlMjJjaGlsZHJlbiUyMiUzQSU1QiU3QiUyMmlkJTIyJTNBJTIyem4xeGFHMDBNViUyMiUyQyUyMnBhcmFJZHglMjIlM0EyJTJDJTIyc3JjJTIyJTNBJTIyV2UlMjBzdHJpdmUlMjB0byUyMG1ha2UlMjBvdXIlMjB3ZWJzaXRlJTIwYWNjZXNzaWJsZSUyMGZvciUyMGV2ZXJ5b25lJTJDJTIwaW5jbHVkaW5nJTIwdGhvc2UlMjB3aXRoJTIwZGlzYWJpbGl0aWVzLiUyMiUyQyUyMmRzdCUyMiUzQSUyMiVFNiU4OCU5MSVFNCVCQiVBQyVFNSU4QSVBQSVFNSU4QSU5QiVFNCVCRCVCRiVFNiU4OCU5MSVFNCVCQiVBQyVFNyU5QSU4NCVFNyVCRCU5MSVFNyVBQiU5OSVFNSVBRiVCOSVFNiVBRiU4RiVFNCVCOCVBQSVFNCVCQSVCQSVFOSU4MyVCRCVFNiU5OCVBRiVFNiU5NyVBMCVFOSU5QSU5QyVFNyVBMiU4RCVFNyU5QSU4NCVFRiVCQyU4QyVFNSU4QyU4NSVFNiU4QiVBQyVFNiVBRSU4QiVFNyU5NiVCRSVFNCVCQSVCQSVFMyU4MCU4MiUyMiUyQyUyMm1ldGFkYXRhJTIyJTNBJTIyJTIyJTJDJTIybWV0YURhdGElMjIlM0ElNUIlNUQlMkMlMjJ0ZXh0JTIyJTNBJTIyV2UlMjBzdHJpdmUlMjB0byUyMG1ha2UlMjBvdXIlMjB3ZWJzaXRlJTIwYWNjZXNzaWJsZSUyMGZvciUyMGV2ZXJ5b25lJTJDJTIwaW5jbHVkaW5nJTIwdGhvc2UlMjB3aXRoJTIwZGlzYWJpbGl0aWVzLiUyMiU3RCU1RCU3RCUyQyU3QiUyMnR5cGUlMjIlM0ElMjJwYXJhZ3JhcGglMjIlMkMlMjJjaGlsZHJlbiUyMiUzQSU1QiU3QiUyMmlkJTIyJTNBJTIyellFOXFMYmJNeiUyMiUyQyUyMnBhcmFJZHglMjIlM0EzJTJDJTIyc3JjJTIyJTNBJTIyQXQlMjBBbnpvbm5wcm9tbyUyMHdlJTIwYXJlJTIwY29tbWl0dGVkJTIwdG8lMjBwcm92aWRpbmclMjBkaWdpdGFsJTIwYWNjZXNzaWJpbGl0eSUyMGZvciUyMGFsbCUyMG9mJTIwb3VyJTIwY3VzdG9tZXJzLiUyMCUyMiUyQyUyMmRzdCUyMiUzQSUyMiVFNSU5QyVBOEFuem9ubnByb21vJUVGJUJDJThDJUU2JTg4JTkxJUU0JUJCJUFDJUU4JTg3JUI0JUU1JThBJTlCJUU0JUJBJThFJUU0JUI4JUJBJUU2JTg5JTgwJUU2JTlDJTg5JUU1JUFFJUEyJUU2JTg4JUI3JUU2JThGJTkwJUU0JUJFJTlCJUU2JTk1JUIwJUU1JUFEJTk3JUU2JTk3JUEwJUU5JTlBJTlDJUU3JUEyJThEJUU2JTlDJThEJUU1JThBJUExJUUzJTgwJTgyJTIyJTJDJTIybWV0YWRhdGElMjIlM0ElMjIlMjIlMkMlMjJtZXRhRGF0YSUyMiUzQSU1QiU1RCUyQyUyMnRleHQlMjIlM0ElMjJBdCUyMEFuem9ubnByb21vJTIwd2UlMjBhcmUlMjBjb21taXR0ZWQlMjB0byUyMHByb3ZpZGluZyUyMGRpZ2l0YWwlMjBhY2Nlc3NpYmlsaXR5JTIwZm9yJTIwYWxsJTIwb2YlMjBvdXIlMjBjdXN0b21lcnMuJTIwJTIyJTdEJTJDJTdCJTIyaWQlMjIlM0ElMjJWa1pOTTdubjdlJTIyJTJDJTIycGFyYUlkeCUyMiUzQTMlMkMlMjJzcmMlMjIlM0ElMjJXZSUyMGNvbnRpbnVvdXNseSUyMHN0cml2ZSUyMHRvJTIwaW1wcm92ZSUyMHRoZSUyMHVzZXIlMjBleHBlcmllbmNlJTIwZm9yJTIwZXZlcnlvbmUlMjB3aGlsZSUyMGFwcGx5aW5nJTIwYW55JTIwcmVsZXZhbnQlMjBhY2Nlc3NpYmlsaXR5JTIwc3RhbmRhcmRzLiUyMCUyMiUyQyUyMmRzdCUyMiUzQSUyMiVFNiU4OCU5MSVFNCVCQiVBQyVFNSU5QyVBOCVFNSVCQSU5NCVFNyU5NCVBOCVFNCVCQiVCQiVFNCVCRCU5NSVFNyU5QiVCOCVFNSU4NSVCMyVFNyU5QSU4NCVFNiU5NyVBMCVFOSU5QSU5QyVFNyVBMiU4RCVFNiVBMCU4NyVFNSU4NyU4NiVFNyU5QSU4NCVFNSU5MCU4QyVFNiU5NyVCNiVFRiVCQyU4QyVFNCVCOCU4RCVFNiU5NiVBRCVFNSU4QSVBQSVFNSU4QSU5QiVFNiU5NCVCOSVFNSU5NiU4NCVFNiVBRiU4RiVFNCVCOCVBQSVFNCVCQSVCQSVFNyU5QSU4NCVFNyU5NCVBOCVFNiU4OCVCNyVFNCVCRCU5MyVFOSVBQSU4QyVFMyU4MCU4MiUyMiUyQyUyMm1ldGFkYXRhJTIyJTNBJTIyJTIyJTJDJTIybWV0YURhdGElMjIlM0ElNUIlNUQlMkMlMjJ0ZXh0JTIyJTNBJTIyV2UlMjBjb250aW51b3VzbHklMjBzdHJpdmUlMjB0byUyMGltcHJvdmUlMjB0aGUlMjB1c2VyJTIwZXhwZXJpZW5jZSUyMGZvciUyMGV2ZXJ5b25lJTIwd2hpbGUlMjBhcHBseWluZyUyMGFueSUyMHJlbGV2YW50JTIwYWNjZXNzaWJpbGl0eSUyMHN0YW5kYXJkcy4lMjAlMjIlN0QlMkMlN0IlMjJpZCUyMiUzQSUyMmVtRFk5QXh4SkIlMjIlMkMlMjJwYXJhSWR4JTIyJTNBMyUyQyUyMnNyYyUyMiUzQSUyMkZvciUyMG1hbnklMjBwZW9wbGUlMkMlMjBhY2Nlc3NpYmlsaXR5JTIwbWVhbnMlMjBzdXBwb3J0JTIwZm9yJTIwdGhlJTIwYXNzaXN0aXZlJTIwdGVjaG5vbG9naWVzJTIwdGhleSUyMHVzZSUyMHRvJTIwYnJvd3NlJTIwdGhlJTIwd2ViJTJDJTIwaW5jbHVkaW5nJTIwc2NyZWVuJTIwcmVhZGVycyUyQyUyMHNjcmVlbiUyMG1hZ25pZmllcnMlMkMlMjBzcGVlY2glMjBpbnB1dCUyMGFuZCUyMGtleWJvYXJkJTJGc3dpdGNoJTIwdGVjaG5vbG9neS4lMjIlMkMlMjJkc3QlMjIlM0ElMjIlRTUlQUYlQjklRTglQUUlQjglRTUlQTQlOUElRTQlQkElQkElRTYlOUQlQTUlRTglQUYlQjQlRUYlQkMlOEMlRTYlOTclQTAlRTklOUElOUMlRTclQTIlOEQlRTYlODQlOEYlRTUlOTElQjMlRTclOUQlODAlRTYlOTQlQUYlRTYlOEMlODElRTQlQkIlOTYlRTQlQkIlQUMlRTclOTQlQTglRTYlOUQlQTUlRTYlQjUlOEYlRTglQTclODglRTclQkQlOTElRTklQTElQjUlRTclOUElODQlRTglQkUlODUlRTUlOEElQTklRTYlOEElODAlRTYlOUMlQUYlRUYlQkMlOEMlRTUlOEMlODUlRTYlOEIlQUMlRTUlQjElOEYlRTUlQjklOTUlRTklOTglODUlRTglQUYlQkIlRTUlOTklQTglRTMlODAlODElRTUlQjElOEYlRTUlQjklOTUlRTYlOTQlQkUlRTUlQTQlQTclRTklOTUlOUMlRTMlODAlODElRTglQUYlQUQlRTklOUYlQjMlRTglQkUlOTMlRTUlODUlQTUlRTUlOTIlOEMlRTklOTQlQUUlRTclOUIlOTglMkYlRTUlQkMlODAlRTUlODUlQjMlRTYlOEElODAlRTYlOUMlQUYlRTMlODAlODIlMjIlMkMlMjJtZXRhZGF0YSUyMiUzQSUyMiUyMiUyQyUyMm1ldGFEYXRhJTIyJTNBJTVCJTVEJTJDJTIydGV4dCUyMiUzQSUyMkZvciUyMG1hbnklMjBwZW9wbGUlMkMlMjBhY2Nlc3NpYmlsaXR5JTIwbWVhbnMlMjBzdXBwb3J0JTIwZm9yJTIwdGhlJTIwYXNzaXN0aXZlJTIwdGVjaG5vbG9naWVzJTIwdGhleSUyMHVzZSUyMHRvJTIwYnJvd3NlJTIwdGhlJTIwd2ViJTJDJTIwaW5jbHVkaW5nJTIwc2NyZWVuJTIwcmVhZGVycyUyQyUyMHNjcmVlbiUyMG1hZ25pZmllcnMlMkMlMjBzcGVlY2glMjBpbnB1dCUyMGFuZCUyMGtleWJvYXJkJTJGc3dpdGNoJTIwdGVjaG5vbG9neS4lMjIlN0QlNUQlN0QlMkMlN0IlMjJ0eXBlJTIyJTNBJTIycGFyYWdyYXBoJTIyJTJDJTIyY2hpbGRyZW4lMjIlM0ElNUIlN0IlMjJpZCUyMiUzQSUyMlZNbDlONm9vUmUlMjIlMkMlMjJwYXJhSWR4JTIyJTNBNCUyQyUyMnNyYyUyMiUzQSUyMiUyMiUyQyUyMmRzdCUyMiUzQSUyMiUyMiUyQyUyMm1ldGFkYXRhJTIyJTNBJTIyJTIyJTJDJTIybWV0YURhdGElMjIlM0ElNUIlNUQlMkMlMjJ0ZXh0JTIyJTNBJTIyJTIyJTdEJTVEJTdEJTJDJTdCJTIydHlwZSUyMiUzQSUyMnBhcmFncmFwaCUyMiUyQyUyMmNoaWxkcmVuJTIyJTNBJTVCJTdCJTIyaWQlMjIlM0ElMjJlS0QwdkFYWGtWJTIyJTJDJTIycGFyYUlkeCUyMiUzQTUlMkMlMjJzcmMlMjIlM0ElMjJUaGUlMjBXZWIlMjBDb250ZW50JTIwQWNjZXNzaWJpbGl0eSUyMEd1aWRlbGluZXMlMjBzdGlwdWxhdGUlMjByZXF1aXJlbWVudHMlMjBmb3IlMjBkZXNpZ25lcnMlMjBhbmQlMjBkZXZlbG9wZXJzJTIwdG8lMjBpbXByb3ZlJTIwYWNjZXNzaWJpbGl0eSUyMGZvciUyMHBlb3BsZSUyMHdpdGglMjBkaXNhYmlsaXRpZXMuJTIyJTJDJTIyZHN0JTIyJTNBJTIyJUUzJTgwJThBJUU3JUJEJTkxJUU3JUJCJTlDJUU1JTg2JTg1JUU1JUFFJUI5JUU2JTk3JUEwJUU5JTlBJTlDJUU3JUEyJThEJUU2JThDJTg3JUU1JThEJTk3JUUzJTgwJThCJUU4JUE3JTg0JUU1JUFFJTlBJUU0JUJBJTg2JUU4JUFFJUJFJUU4JUFFJUExJUU1JUI4JTg4JUU1JTkyJThDJUU1JUJDJTgwJUU1JThGJTkxJUU0JUJBJUJBJUU1JTkxJTk4JUU2JThGJTkwJUU5JUFCJTk4JUU2JUFFJThCJUU3JTk2JUJFJUU0JUJBJUJBJUU2JTk3JUEwJUU5JTlBJTlDJUU3JUEyJThEJUU2JTgwJUE3JUU3JTlBJTg0JUU4JUE2JTgxJUU2JUIxJTgyJUUzJTgwJTgyJTIyJTJDJTIybWV0YWRhdGElMjIlM0ElMjIlMjIlMkMlMjJtZXRhRGF0YSUyMiUzQSU1QiU1RCUyQyUyMnRleHQlMjIlM0ElMjJUaGUlMjBXZWIlMjBDb250ZW50JTIwQWNjZXNzaWJpbGl0eSUyMEd1aWRlbGluZXMlMjBzdGlwdWxhdGUlMjByZXF1aXJlbWVudHMlMjBmb3IlMjBkZXNpZ25lcnMlMjBhbmQlMjBkZXZlbG9wZXJzJTIwdG8lMjBpbXByb3ZlJTIwYWNjZXNzaWJpbGl0eSUyMGZvciUyMHBlb3BsZSUyMHdpdGglMjBkaXNhYmlsaXRpZXMuJTIyJTdEJTVEJTdEJTJDJTdCJTIydHlwZSUyMiUzQSUyMnBhcmFncmFwaCUyMiUyQyUyMmNoaWxkcmVuJTIyJTNBJTVCJTdCJTIyaWQlMjIlM0ElMjJWN0Q0a0xZWTV6JTIyJTJDJTIycGFyYUlkeCUyMiUzQTYlMkMlMjJzcmMlMjIlM0ElMjJUbyUyMHRoaXMlMjBlbmQlMkMlMjB3ZSUyMGhhdmUlMjB0YWtlbiUyMG1lYXN1cmVzJTIwdG8lMjBpbXByb3ZlJTIwdGhlJTIwdXNhYmlsaXR5JTIwb2YlMjBvdXIlMjB3ZWJzaXRlJTIwZm9yJTIwYWxsJTIwY3VzdG9tZXJzJTJDJTIwZ3VpZGVkJTIwYnklMjB0aGUlMjBOZXR3b3JrJTIwQ29udGVudCUyMEFjY2Vzc2liaWxpdHklMjBHdWlkZWxpbmVzJTIwQUElMjBsZXZlbCUyMChXQ0FHJTIwMi4xKS4lMjAlMjIlMkMlMjJkc3QlMjIlM0ElMjIlRTQlQjglQkElRTYlQUQlQTQlRUYlQkMlOEMlRTYlODglOTElRTQlQkIlQUMlRTUlQjclQjIlRTklODclODclRTUlOEYlOTYlRTYlOEUlQUElRTYlOTYlQkQlRUYlQkMlOEMlRTUlOUMlQTglRTclQkQlOTElRTclQkIlOUMlRTUlODYlODUlRTUlQUUlQjklRTYlOTclQTAlRTklOUElOUMlRTclQTIlOEQlRTYlOEMlODclRTUlOEQlOTdBQSVFNyVCQSVBNyVFRiVCQyU4OFdDQUclMjAyLjElRUYlQkMlODklRTclOUElODQlRTYlOEMlODclRTUlQUYlQkMlRTQlQjglOEIlRUYlQkMlOEMlRTYlOEYlOTAlRTklQUIlOTglRTYlODglOTElRTQlQkIlQUMlRTclQkQlOTElRTclQUIlOTklRTUlQUYlQjklRTYlODklODAlRTYlOUMlODklRTUlQUUlQTIlRTYlODglQjclRTclOUElODQlRTUlOEYlQUYlRTclOTQlQTglRTYlODAlQTclRTMlODAlODIlMjIlMkMlMjJtZXRhZGF0YSUyMiUzQSUyMiUyMiUyQyUyMm1ldGFEYXRhJTIyJTNBJTVCJTVEJTJDJTIydGV4dCUyMiUzQSUyMlRvJTIwdGhpcyUyMGVuZCUyQyUyMHdlJTIwaGF2ZSUyMHRha2VuJTIwbWVhc3VyZXMlMjB0byUyMGltcHJvdmUlMjB0aGUlMjB1c2FiaWxpdHklMjBvZiUyMG91ciUyMHdlYnNpdGUlMjBmb3IlMjBhbGwlMjBjdXN0b21lcnMlMkMlMjBndWlkZWQlMjBieSUyMHRoZSUyME5ldHdvcmslMjBDb250ZW50JTIwQWNjZXNzaWJpbGl0eSUyMEd1aWRlbGluZXMlMjBBQSUyMGxldmVsJTIwKFdDQUclMjAyLjEpLiUyMCUyMiU3RCUyQyU3QiUyMmlkJTIyJTNBJTIyQjRyUU5aWFhSViUyMiUyQyUyMnBhcmFJZHglMjIlM0E2JTJDJTIyc3JjJTIyJTNBJTIyV2UlMjBzdHJpdmUlMjB0byUyMG1lZXQlMjB0aGUlMjByZXF1aXJlbWVudHMlMjBhbmQlMjB3aWxsJTIwY29udGludWUlMjB0byUyMHJldmlldyUyMGFuZCUyMGltcHJvdmUlMjBvdXIlMjB3ZWJzaXRlJTIwdG8lMjBwcm92aWRlJTIwYW4lMjBhY2Nlc3NpYmxlJTIwZXhwZXJpZW5jZS4lMjIlMkMlMjJkc3QlMjIlM0ElMjIlRTYlODglOTElRTQlQkIlQUMlRTUlOEElQUElRTUlOEElOUIlRTYlQkIlQTElRTglQjYlQjMlRTglQTYlODElRTYlQjElODIlRUYlQkMlOEMlRTUlQjklQjYlRTUlQjAlODYlRTclQkIlQTclRTclQkIlQUQlRTUlQUUlQTElRTYlOUYlQTUlRTUlOTIlOEMlRTYlOTQlQjklRTglQkYlOUIlRTYlODglOTElRTQlQkIlQUMlRTclOUElODQlRTclQkQlOTElRTclQUIlOTklRUYlQkMlOEMlRTQlQkIlQTUlRTYlOEYlOTAlRTQlQkUlOUIlRTYlOTclQTAlRTklOUElOUMlRTclQTIlOEQlRTQlQkQlOTMlRTklQUElOEMlRTMlODAlODIlMjIlMkMlMjJtZXRhZGF0YSUyMiUzQSUyMiUyMiUyQyUyMm1ldGFEYXRhJTIyJTNBJTVCJTVEJTJDJTIydGV4dCUyMiUzQSUyMldlJTIwc3RyaXZlJTIwdG8lMjBtZWV0JTIwdGhlJTIwcmVxdWlyZW1lbnRzJTIwYW5kJTIwd2lsbCUyMGNvbnRpbnVlJTIwdG8lMjByZXZpZXclMjBhbmQlMjBpbXByb3ZlJTIwb3VyJTIwd2Vic2l0ZSUyMHRvJTIwcHJvdmlkZSUyMGFuJTIwYWNjZXNzaWJsZSUyMGV4cGVyaWVuY2UuJTIyJTdEJTVEJTdEJTJDJTdCJTIydHlwZSUyMiUzQSUyMnBhcmFncmFwaCUyMiUyQyUyMmNoaWxkcmVuJTIyJTNBJTVCJTdCJTIyaWQlMjIlM0ElMjJWQWw4RGp2djFlJTIyJTJDJTIycGFyYUlkeCUyMiUzQTclMkMlMjJzcmMlMjIlM0ElMjJXZSUyMGFsc28lMjBjb25kdWN0JTIwcmVndWxhciUyMG1hbnVhbCUyMHJldmlld3MlMjBhbmQlMjBpbnNwZWN0aW9ucyUyMG9mJTIwdGhlJTIwd2Vic2l0ZS4lMjIlMkMlMjJkc3QlMjIlM0ElMjIlRTYlODglOTElRTQlQkIlQUMlRTglQkYlOTglRTUlQUUlOUElRTYlOUMlOUYlRTUlQUYlQjklRTclQkQlOTElRTclQUIlOTklRTglQkYlOUIlRTglQTElOEMlRTQlQkElQkElRTUlQjclQTUlRTUlQUUlQTElRTYlOUYlQTUlRTUlOTIlOEMlRTYlQTMlODAlRTYlOUYlQTUlRTMlODAlODIlMjIlMkMlMjJtZXRhZGF0YSUyMiUzQSUyMiUyMiUyQyUyMm1ldGFEYXRhJTIyJTNBJTVCJTVEJTJDJTIydGV4dCUyMiUzQSUyMldlJTIwYWxzbyUyMGNvbmR1Y3QlMjByZWd1bGFyJTIwbWFudWFsJTIwcmV2aWV3cyUyMGFuZCUyMGluc3BlY3Rpb25zJTIwb2YlMjB0aGUlMjB3ZWJzaXRlLiUyMiU3RCU1RCU3RCUyQyU3QiUyMnR5cGUlMjIlM0ElMjJwYXJhZ3JhcGglMjIlMkMlMjJjaGlsZHJlbiUyMiUzQSU1QiU3QiUyMmlkJTIyJTNBJTIyZUd3MXFNbW1MZSUyMiUyQyUyMnBhcmFJZHglMjIlM0E4JTJDJTIyc3JjJTIyJTNBJTIyJTIyJTJDJTIyZHN0JTIyJTNBJTIyJTIyJTJDJTIybWV0YWRhdGElMjIlM0ElMjIlMjIlMkMlMjJtZXRhRGF0YSUyMiUzQSU1QiU1RCUyQyUyMnRleHQlMjIlM0ElMjIlMjIlN0QlNUQlN0QlMkMlN0IlMjJ0eXBlJTIyJTNBJTIycGFyYWdyYXBoJTIyJTJDJTIyY2hpbGRyZW4lMjIlM0ElNUIlN0IlMjJpZCUyMiUzQSUyMmU2V2xZREVFZ1YlMjIlMkMlMjJwYXJhSWR4JTIyJTNBOSUyQyUyMnNyYyUyMiUzQSUyMldlJTIwd2VsY29tZSUyMHlvdXIlMjBmZWVkYmFjayUyMHRvJTIwaGVscCUyMHVzJTIwY29udGludW91c2x5JTIwaW1wcm92ZSUyMHRoZSUyMGFjY2Vzc2liaWxpdHklMjBvZiUyMHRoZSUyMEFuem9ubnByb21vJTIwd2Vic2l0ZS4lMjAlMjIlMkMlMjJkc3QlMjIlM0ElMjIlRTYlODglOTElRTQlQkIlQUMlRTYlQUMlQTIlRTglQkYlOEUlRTYlODIlQTglRTclOUElODQlRTUlOEYlOEQlRTklQTYlODglRUYlQkMlOEMlRTQlQkIlQTUlRTUlQjglQUUlRTUlOEElQTklRTYlODglOTElRTQlQkIlQUMlRTQlQjglOEQlRTYlOTYlQUQlRTYlOTQlQjklRTglQkYlOUJBbnpvbm5wcm9wJUU3JUJEJTkxJUU3JUFCJTk5JUU3JTlBJTg0JUU1JThGJUFGJUU4JUFFJUJGJUU5JTk3JUFFJUU2JTgwJUE3JUUzJTgwJTgyJTIyJTJDJTIybWV0YWRhdGElMjIlM0ElMjIlMjIlMkMlMjJtZXRhRGF0YSUyMiUzQSU1QiU1RCUyQyUyMnRleHQlMjIlM0ElMjJXZSUyMHdlbGNvbWUlMjB5b3VyJTIwZmVlZGJhY2slMjB0byUyMGhlbHAlMjB1cyUyMGNvbnRpbnVvdXNseSUyMGltcHJvdmUlMjB0aGUlMjBhY2Nlc3NpYmlsaXR5JTIwb2YlMjB0aGUlMjBBbnpvbm5wcm9tbyUyMHdlYnNpdGUuJTIwJTIyJTdEJTJDJTdCJTIyaWQlMjIlM0ElMjJWUmxLTTk3N0VCJTIyJTJDJTIycGFyYUlkeCUyMiUzQTklMkMlMjJzcmMlMjIlM0ElMjJJZiUyMHlvdSUyMGVuY291bnRlciUyMGFueSUyMHByb2JsZW1zJTIwd2hpbGUlMjBhY2Nlc3NpbmclMjBvdXIlMjB3ZWJzaXRlJTJDJTIwcGxlYXNlJTIwY29udGFjdCUyMHVzJTIwYW5kJTIwZ2V0JTIwYXNzaXN0YW5jZSUyMGZyb20lMjBvdXIlMjBzdGFmZi4lMjIlMkMlMjJkc3QlMjIlM0ElMjIlRTUlQTYlODIlRTYlOUUlOUMlRTYlODIlQTglRTUlOUMlQTglRTglQUUlQkYlRTklOTclQUUlRTYlODglOTElRTQlQkIlQUMlRTclOUElODQlRTclQkQlOTElRTclQUIlOTklRTYlOTclQjYlRTklODElODclRTUlODglQjAlRTQlQkIlQkIlRTQlQkQlOTUlRTklOTclQUUlRTklQTIlOTglRUYlQkMlOEMlRTglQUYlQjclRTglODElOTQlRTclQjMlQkIlRTYlODglOTElRTQlQkIlQUMlRTUlQjklQjYlRTglOEUlQjclRTUlQkUlOTclRTYlODglOTElRTQlQkIlQUMlRTUlQjclQTUlRTQlQkQlOUMlRTQlQkElQkElRTUlOTElOTglRTclOUElODQlRTUlQjglQUUlRTUlOEElQTklRTMlODAlODIlMjIlMkMlMjJtZXRhZGF0YSUyMiUzQSUyMiUyMiUyQyUyMm1ldGFEYXRhJTIyJTNBJTVCJTVEJTJDJTIydGV4dCUyMiUzQSUyMklmJTIweW91JTIwZW5jb3VudGVyJTIwYW55JTIwcHJvYmxlbXMlMjB3aGlsZSUyMGFjY2Vzc2luZyUyMG91ciUyMHdlYnNpdGUlMkMlMjBwbGVhc2UlMjBjb250YWN0JTIwdXMlMjBhbmQlMjBnZXQlMjBhc3Npc3RhbmNlJTIwZnJvbSUyMG91ciUyMHN0YWZmLiUyMiU3RCU1RCU3RCU1RA==\"><span data-slate-node=\"text\">Uv\u00edt\u00e1me va\u0161i zp\u011btnou vazbu, kter\u00e1 n\u00e1m pom\u016f\u017ee neust\u00e1le zlep\u0161ovat dostupnost webu Anzonnpromo.<br \/><\/span><span data-slate-node=\"text\">Pokud p\u0159i p\u0159\u00edstupu na na\u0161e webov\u00e9 str\u00e1nky naraz\u00edte na n\u011bjak\u00e9 probl\u00e9my, kontaktujte n\u00e1s a z\u00edskejte pomoc od na\u0161ich zam\u011bstnanc\u016f.<br \/><br \/><\/span><\/div>\t\t\t\t\t\t\t\t<\/div>\n\t\t\t\t\t<\/div>\n\t\t\t\t<\/div>\n\t\t\t\t<\/div>","protected":false},"excerpt":{"rendered":"<p>Prohl\u00e1\u0161en\u00ed o p\u0159\u00edstupnosti webu Usilujeme o to, aby na\u0161e webov\u00e9 str\u00e1nky byly p\u0159\u00edstupn\u00e9 v\u0161em, v\u010detn\u011b osob se zdravotn\u00edm posti\u017een\u00edm. Ve spole\u010dnosti Anzonnpromo jsme odhodl\u00e1ni poskytovat digit\u00e1ln\u00ed p\u0159\u00edstupnost pro v\u0161echny na\u0161e z\u00e1kazn\u00edky. Neust\u00e1le se sna\u017e\u00edme zlep\u0161ovat u\u017eivatelskou zku\u0161enost pro ka\u017ed\u00e9ho p\u0159i uplat\u0148ov\u00e1n\u00ed v\u0161ech p\u0159\u00edslu\u0161n\u00fdch standard\u016f p\u0159\u00edstupnosti. Pro mnoho lid\u00ed dostupnost znamen\u00e1 podporu pro asisten\u010dn\u00ed technologie, kter\u00e9 pou\u017e\u00edvaj\u00ed k proch\u00e1zen\u00ed\u2026<\/p>","protected":false},"author":1,"featured_media":0,"parent":0,"menu_order":0,"comment_status":"closed","ping_status":"closed","template":"","meta":{"_kad_post_transparent":"default","_kad_post_title":"default","_kad_post_layout":"default","_kad_post_sidebar_id":"","_kad_post_content_style":"default","_kad_post_vertical_padding":"default","_kad_post_feature":"","_kad_post_feature_position":"","_kad_post_header":false,"_kad_post_footer":false,"_kad_post_classname":"","footnotes":""},"class_list":["post-3859","page","type-page","status-publish","hentry"],"_links":{"self":[{"href":"https:\/\/anzonnpromo.com\/cs\/wp-json\/wp\/v2\/pages\/3859","targetHints":{"allow":["GET"]}}],"collection":[{"href":"https:\/\/anzonnpromo.com\/cs\/wp-json\/wp\/v2\/pages"}],"about":[{"href":"https:\/\/anzonnpromo.com\/cs\/wp-json\/wp\/v2\/types\/page"}],"author":[{"embeddable":true,"href":"https:\/\/anzonnpromo.com\/cs\/wp-json\/wp\/v2\/users\/1"}],"replies":[{"embeddable":true,"href":"https:\/\/anzonnpromo.com\/cs\/wp-json\/wp\/v2\/comments?post=3859"}],"version-history":[{"count":0,"href":"https:\/\/anzonnpromo.com\/cs\/wp-json\/wp\/v2\/pages\/3859\/revisions"}],"wp:attachment":[{"href":"https:\/\/anzonnpromo.com\/cs\/wp-json\/wp\/v2\/media?parent=3859"}],"curies":[{"name":"wp","href":"https:\/\/api.w.org\/{rel}","templated":true}]}}