{"id":3370,"date":"2024-09-03T13:33:40","date_gmt":"2024-09-03T13:33:40","guid":{"rendered":"https:\/\/anzonnpromo.com\/?page_id=3370"},"modified":"2025-01-12T13:18:07","modified_gmt":"2025-01-12T13:18:07","slug":"our-guarantee","status":"publish","type":"page","link":"https:\/\/anzonnpromo.com\/de\/our-guarantee\/","title":{"rendered":"Unsere Garantie"},"content":{"rendered":"<div data-elementor-type=\"wp-page\" data-elementor-id=\"3370\" class=\"elementor elementor-3370\" data-elementor-settings=\"{&quot;ha_cmc_init_switcher&quot;:&quot;no&quot;}\" data-elementor-post-type=\"page\">\n\t\t\t\t<div class=\"elementor-element elementor-element-4df6672f e-flex e-con-boxed e-con e-parent\" data-id=\"4df6672f\" data-element_type=\"container\" data-e-type=\"container\" data-settings=\"{&quot;_ha_eqh_enable&quot;:false,&quot;ekit_has_onepagescroll_dot&quot;:&quot;yes&quot;}\">\n\t\t\t\t\t<div class=\"e-con-inner\">\n\t\t\t\t<div class=\"elementor-element elementor-element-77de5439 elementor-widget elementor-widget-text-editor\" data-id=\"77de5439\" data-element_type=\"widget\" data-e-type=\"widget\" data-settings=\"{&quot;ekit_we_effect_on&quot;:&quot;none&quot;}\" data-widget_type=\"text-editor.default\">\n\t\t\t\t\t\t\t\t\t<div data-slate-node=\"element\"><p><span data-slate-node=\"text\"><span class=\"null\" data-slate-leaf=\"true\" data-sent-id=\"B4rQWPGddV\"><strong>Unsere Garantie<br \/><br \/><\/strong><\/span><\/span><\/p><\/div><div data-slate-node=\"element\"><strong><span class=\"null\" data-slate-leaf=\"true\" data-sent-id=\"eGw12Ab9xe\">Servicegarantie<\/span><\/strong><\/div><div data-slate-node=\"element\"><span data-slate-node=\"text\"><span class=\"null\" data-slate-leaf=\"true\" data-sent-id=\"e6Wl1pRPvV\">Zufriedenheitsgarantie ist unser oberstes Ziel! <br \/><\/span><\/span><span data-slate-node=\"text\"><span class=\"null\" data-slate-leaf=\"true\" data-sent-id=\"VRlKL5YQnB\">Wir haben unseren Erfolg immer anhand der Kundenzufriedenheit gemessen. <\/span><\/span><\/div><div data-slate-node=\"element\"><span data-slate-node=\"text\"><span class=\"null\" data-slate-leaf=\"true\" data-sent-id=\"V54Z8Q6b3e\">Wir sind stolz auf den hervorragenden Ruf, den wir bei unseren Kunden genie\u00dfen.<br \/><\/span><\/span><span data-slate-node=\"text\"><span class=\"null\" data-slate-leaf=\"true\" data-sent-id=\"zyZxNGX6mB\">Ihre erste Bestellung bei uns ist der Beginn einer hoffentlich langj\u00e4hrigen Gesch\u00e4ftsbeziehung.<br \/><\/span><\/span><span data-slate-node=\"text\"><span class=\"null\" data-slate-leaf=\"true\" data-sent-id=\"e2omQd4DgV\">Wir garantieren, dass Sie mit Ihrer Bestellung und dem erhaltenen Service vollkommen zufrieden sein werden.<\/span><\/span><\/div><div data-slate-node=\"element\">\u00a0<\/div><div data-slate-node=\"element\"><span data-slate-node=\"text\"><span class=\"null\" data-slate-leaf=\"true\" data-sent-id=\"BoP4NoX2Ge\">Wir garantieren, dass Sie vor dem Druck Ihrer Bestellung ein Kunstmuster zur Genehmigung erhalten.<br \/><\/span><\/span><span data-slate-node=\"text\"><span class=\"null hover-sent\" data-slate-leaf=\"true\" data-sent-id=\"V0LoqDKZ5V\">Ohne Ihre Zustimmung werden wir Ihre Bestellung nicht starten.<br \/><\/span><\/span><span data-slate-node=\"text\"><span class=\"null\" data-slate-leaf=\"true\" data-sent-id=\"eJOgwoprpV\">Wir garantieren, dass die gesamte Auftragsproduktion den von Ihnen auf dem Auftrags- und Kunstdruckpapier-Proof genehmigten Spezifikationen entspricht.<\/span><\/span><\/div><div data-slate-node=\"element\">\u00a0<\/div><div data-slate-node=\"element\"><strong><span class=\"null\" data-slate-leaf=\"true\" data-sent-id=\"exx5NGX0Re\">Preisgarantie<\/span><\/strong><\/div><div data-slate-node=\"element\" data-slate-fragment=\"JTVCJTdCJTIydHlwZSUyMiUzQSUyMnBhcmFncmFwaCUyMiUyQyUyMmNoaWxkcmVuJTIyJTNBJTVCJTdCJTIyaWQlMjIlM0ElMjJCNHJRV1BHZGRWJTIyJTJDJTIycGFyYUlkeCUyMiUzQTAlMkMlMjJzcmMlMjIlM0ElMjJPdXIlMjBHdWFyYW50ZWUlMjIlMkMlMjJkc3QlMjIlM0ElMjIlRTYlODglOTElRTQlQkIlQUMlRTclOUElODQlRTQlQkYlOUQlRTglQUYlODElMjIlMkMlMjJtZXRhZGF0YSUyMiUzQSUyMiUyMiUyQyUyMm1ldGFEYXRhJTIyJTNBJTVCJTVEJTJDJTIydGV4dCUyMiUzQSUyMk91ciUyMEd1YXJhbnRlZSUyMiU3RCU1RCU3RCUyQyU3QiUyMnR5cGUlMjIlM0ElMjJwYXJhZ3JhcGglMjIlMkMlMjJjaGlsZHJlbiUyMiUzQSU1QiU3QiUyMmlkJTIyJTNBJTIyVkFsOE02cmszZSUyMiUyQyUyMnBhcmFJZHglMjIlM0ExJTJDJTIyc3JjJTIyJTNBJTIyJTIyJTJDJTIyZHN0JTIyJTNBJTIyJTIyJTJDJTIybWV0YWRhdGElMjIlM0ElMjIlMjIlMkMlMjJtZXRhRGF0YSUyMiUzQSU1QiU1RCUyQyUyMnRleHQlMjIlM0ElMjIlMjIlN0QlNUQlN0QlMkMlN0IlMjJ0eXBlJTIyJTNBJTIycGFyYWdyYXBoJTIyJTJDJTIyY2hpbGRyZW4lMjIlM0ElNUIlN0IlMjJpZCUyMiUzQSUyMmVHdzEyQWI5eGUlMjIlMkMlMjJwYXJhSWR4JTIyJTNBMiUyQyUyMnNyYyUyMiUzQSUyMlNlcnZpY2UlMjBHdWFyYW50ZWUlMjIlMkMlMjJkc3QlMjIlM0ElMjIlRTYlOUMlOEQlRTUlOEElQTElRTQlQkYlOUQlRTklOUElOUMlMjIlMkMlMjJtZXRhZGF0YSUyMiUzQSUyMiUyMiUyQyUyMm1ldGFEYXRhJTIyJTNBJTVCJTVEJTJDJTIydGV4dCUyMiUzQSUyMlNlcnZpY2UlMjBHdWFyYW50ZWUlMjIlN0QlNUQlN0QlMkMlN0IlMjJ0eXBlJTIyJTNBJTIycGFyYWdyYXBoJTIyJTJDJTIyY2hpbGRyZW4lMjIlM0ElNUIlN0IlMjJpZCUyMiUzQSUyMmU2V2wxcFJQdlYlMjIlMkMlMjJwYXJhSWR4JTIyJTNBMyUyQyUyMnNyYyUyMiUzQSUyMlNhdGlzZmFjdGlvbiUyMEd1YXJhbnRlZWQlMjAtJTIwT3VyJTIwcHJpbWFyeSUyMGdvYWwhJTIwJTIyJTJDJTIyZHN0JTIyJTNBJTIyJUU0JUJGJTlEJUU4JUFGJTgxJUU2JUJCJUExJUU2JTg0JThGLSVFNiU4OCU5MSVFNCVCQiVBQyVFNyU5QSU4NCVFOSVBNiU5NiVFOCVBNiU4MSVFNyU5QiVBRSVFNiVBMCU4NyVFRiVCQyU4MSUyMiUyQyUyMm1ldGFkYXRhJTIyJTNBJTIyJTIyJTJDJTIybWV0YURhdGElMjIlM0ElNUIlNUQlMkMlMjJ0ZXh0JTIyJTNBJTIyU2F0aXNmYWN0aW9uJTIwR3VhcmFudGVlZCUyMC0lMjBPdXIlMjBwcmltYXJ5JTIwZ29hbCElMjAlMjIlN0QlMkMlN0IlMjJpZCUyMiUzQSUyMlZSbEtMNVlRbkIlMjIlMkMlMjJwYXJhSWR4JTIyJTNBMyUyQyUyMnNyYyUyMiUzQSUyMldlJTIwaGF2ZSUyMGFsd2F5cyUyMG1lYXN1cmVkJTIwb3VyJTIwc3VjY2VzcyUyMGJhc2VkJTIwdXBvbiUyMGN1c3RvbWVyJTIwc2F0aXNmYWN0aW9uLiUyMCUyMiUyQyUyMmRzdCUyMiUzQSUyMiVFNiU4OCU5MSVFNCVCQiVBQyVFNCVCOCU4MCVFNyU5QiVCNCVFNCVCQiVBNSVFNSVBRSVBMiVFNiU4OCVCNyVFNiVCQiVBMSVFNiU4NCU4RiVFNSVCQSVBNiVFNiU5RCVBNSVFOCVBMSVBMSVFOSU4NyU4RiVFNiU4OCU5MSVFNCVCQiVBQyVFNyU5QSU4NCVFNiU4OCU5MCVFNSU4QSU5RiVFMyU4MCU4MiUyMiUyQyUyMm1ldGFkYXRhJTIyJTNBJTIyJTIyJTJDJTIybWV0YURhdGElMjIlM0ElNUIlNUQlMkMlMjJ0ZXh0JTIyJTNBJTIyV2UlMjBoYXZlJTIwYWx3YXlzJTIwbWVhc3VyZWQlMjBvdXIlMjBzdWNjZXNzJTIwYmFzZWQlMjB1cG9uJTIwY3VzdG9tZXIlMjBzYXRpc2ZhY3Rpb24uJTIwJTIyJTdEJTVEJTdEJTJDJTdCJTIydHlwZSUyMiUzQSUyMnBhcmFncmFwaCUyMiUyQyUyMmNoaWxkcmVuJTIyJTNBJTVCJTdCJTIyaWQlMjIlM0ElMjJWNTRaOFE2YjNlJTIyJTJDJTIycGFyYUlkeCUyMiUzQTQlMkMlMjJzcmMlMjIlM0ElMjJXZSdyZSUyMHByb3VkJTIwb2YlMjB0aGUlMjBzdGVsbGFyJTIwcmVwdXRhdGlvbiUyMHdlJTIwaGF2ZSUyMHdpdGglMjBvdXIlMjBjdXN0b21lcnMuJTIwJTIyJTJDJTIyZHN0JTIyJTNBJTIyJUU2JTg4JTkxJUU0JUJCJUFDJUU0JUI4JUJBJUU1JTlDJUE4JUU1JUFFJUEyJUU2JTg4JUI3JUU0JUI4JUFEJUU0JUJBJUFCJUU2JTlDJTg5JUU3JTlCJTlCJUU4JUFBJTg5JUU4JTgwJThDJUU2JTg0JTlGJUU1JTg4JUIwJUU4JTg3JUFBJUU4JUIxJUFBJUUzJTgwJTgyJTIyJTJDJTIybWV0YWRhdGElMjIlM0ElMjIlMjIlMkMlMjJtZXRhRGF0YSUyMiUzQSU1QiU1RCUyQyUyMnRleHQlMjIlM0ElMjJXZSdyZSUyMHByb3VkJTIwb2YlMjB0aGUlMjBzdGVsbGFyJTIwcmVwdXRhdGlvbiUyMHdlJTIwaGF2ZSUyMHdpdGglMjBvdXIlMjBjdXN0b21lcnMuJTIwJTIyJTdEJTJDJTdCJTIyaWQlMjIlM0ElMjJ6eVp4TkdYNm1CJTIyJTJDJTIycGFyYUlkeCUyMiUzQTQlMkMlMjJzcmMlMjIlM0ElMjJZb3VyJTIwZmlyc3QlMjBvcmRlciUyMHdpdGglMjB1cyUyMGlzJTIwdGhlJTIwc3RhcnQlMjBvZiUyMHdoYXQlMjB3ZSUyMGhvcGUlMjB3aWxsJTIwYmUlMjBhJTIwbG9uZyUyMGxhc3RpbmclMjByZWxhdGlvbnNoaXAuJTIwJTIyJTJDJTIyZHN0JTIyJTNBJTIyJUU2JTgyJUE4JUU0JUI4JThFJUU2JTg4JTkxJUU0JUJCJUFDJUU3JTlBJTg0JUU3JUFDJUFDJUU0JUI4JTgwJUU3JUFDJTk0JUU4JUFFJUEyJUU1JThEJTk1JUU2JTk4JUFGJUU2JTg4JTkxJUU0JUJCJUFDJUU1JUI4JThDJUU2JTlDJTlCJUU1JUJCJUJBJUU3JUFCJThCJUU5JTk1JUJGJUU2JTlDJTlGJUU1JTkwJTg4JUU0JUJEJTlDJUU1JTg1JUIzJUU3JUIzJUJCJUU3JTlBJTg0JUU1JUJDJTgwJUU1JUE3JThCJUUzJTgwJTgyJTIyJTJDJTIybWV0YWRhdGElMjIlM0ElMjIlMjIlMkMlMjJtZXRhRGF0YSUyMiUzQSU1QiU1RCUyQyUyMnRleHQlMjIlM0ElMjJZb3VyJTIwZmlyc3QlMjBvcmRlciUyMHdpdGglMjB1cyUyMGlzJTIwdGhlJTIwc3RhcnQlMjBvZiUyMHdoYXQlMjB3ZSUyMGhvcGUlMjB3aWxsJTIwYmUlMjBhJTIwbG9uZyUyMGxhc3RpbmclMjByZWxhdGlvbnNoaXAuJTIwJTIyJTdEJTJDJTdCJTIyaWQlMjIlM0ElMjJlMm9tUWQ0RGdWJTIyJTJDJTIycGFyYUlkeCUyMiUzQTQlMkMlMjJzcmMlMjIlM0ElMjJXZSUyMGd1YXJhbnRlZSUyMHRoYXQlMjB5b3UlMjB3aWxsJTIwYmUlMjBjb21wbGV0ZWx5JTIwc2F0aXNmaWVkJTIwd2l0aCUyMHlvdXIlMjBvcmRlciUyMGFuZCUyMHRoZSUyMGxldmVsJTIwb2YlMjBzZXJ2aWNlJTIweW91JTIwcmVjZWl2ZS4lMjIlMkMlMjJkc3QlMjIlM0ElMjIlRTYlODglOTElRTQlQkIlQUMlRTQlQkYlOUQlRTglQUYlODElRTYlODIlQTglRTUlQjAlODYlRTUlQUUlOEMlRTUlODUlQTglRTYlQkIlQTElRTYlODQlOEYlRTYlODIlQTglRTclOUElODQlRTglQUUlQTIlRTUlOEQlOTUlRTUlOTIlOEMlRTYlODIlQTglRTYlODklODAlRTglOEUlQjclRTUlQkUlOTclRTclOUElODQlRTYlOUMlOEQlRTUlOEElQTElRTYlQjAlQjQlRTUlQjklQjMlRTMlODAlODIlMjIlMkMlMjJtZXRhZGF0YSUyMiUzQSUyMiUyMiUyQyUyMm1ldGFEYXRhJTIyJTNBJTVCJTVEJTJDJTIydGV4dCUyMiUzQSUyMldlJTIwZ3VhcmFudGVlJTIwdGhhdCUyMHlvdSUyMHdpbGwlMjBiZSUyMGNvbXBsZXRlbHklMjBzYXRpc2ZpZWQlMjB3aXRoJTIweW91ciUyMG9yZGVyJTIwYW5kJTIwdGhlJTIwbGV2ZWwlMjBvZiUyMHNlcnZpY2UlMjB5b3UlMjByZWNlaXZlLiUyMiU3RCU1RCU3RCUyQyU3QiUyMnR5cGUlMjIlM0ElMjJwYXJhZ3JhcGglMjIlMkMlMjJjaGlsZHJlbiUyMiUzQSU1QiU3QiUyMmlkJTIyJTNBJTIyZUVnOU1BTDdaeiUyMiUyQyUyMnBhcmFJZHglMjIlM0E1JTJDJTIyc3JjJTIyJTNBJTIyJTIyJTJDJTIyZHN0JTIyJTNBJTIyJTIyJTJDJTIybWV0YWRhdGElMjIlM0ElMjIlMjIlMkMlMjJtZXRhRGF0YSUyMiUzQSU1QiU1RCUyQyUyMnRleHQlMjIlM0ElMjIlMjIlN0QlNUQlN0QlMkMlN0IlMjJ0eXBlJTIyJTNBJTIycGFyYWdyYXBoJTIyJTJDJTIyY2hpbGRyZW4lMjIlM0ElNUIlN0IlMjJpZCUyMiUzQSUyMkJvUDROb1gyR2UlMjIlMkMlMjJwYXJhSWR4JTIyJTNBNiUyQyUyMnNyYyUyMiUzQSUyMldlJTIwZ3VhcmFudGVlJTIwdGhhdCUyMHlvdSUyMHdpbGwlMjByZWNlaXZlJTIwYW4lMjBhcnQlMjBzYW1wbGUlMjBmb3IlMjBhcHByb3ZhbCUyMGJlZm9yZSUyMHlvdXIlMjBvcmRlciUyMGlzJTIwcHJpbnRlZC4lMjAlMjIlMkMlMjJkc3QlMjIlM0ElMjIlRTYlODglOTElRTQlQkIlQUMlRTQlQkYlOUQlRTglQUYlODElRUYlQkMlOEMlRTUlOUMlQTglRTYlODIlQTglRTclOUElODQlRTglQUUlQTIlRTUlOEQlOTUlRTYlODklOTMlRTUlOEQlQjAlRTQlQjklOEIlRTUlODklOEQlRUYlQkMlOEMlRTYlODIlQTglRTUlQjAlODYlRTYlOTQlQjYlRTUlODglQjAlRTQlQjglODAlRTQlQkIlQkQlRTglODklQkElRTYlOUMlQUYlRTUlOTMlODElRTYlQTAlQjclRTUlOTMlODElRTQlQkIlQTUlRTQlQkUlOUIlRTYlODklQjklRTUlODclODYlRTMlODAlODIlMjIlMkMlMjJtZXRhZGF0YSUyMiUzQSUyMiUyMiUyQyUyMm1ldGFEYXRhJTIyJTNBJTVCJTVEJTJDJTIydGV4dCUyMiUzQSUyMldlJTIwZ3VhcmFudGVlJTIwdGhhdCUyMHlvdSUyMHdpbGwlMjByZWNlaXZlJTIwYW4lMjBhcnQlMjBzYW1wbGUlMjBmb3IlMjBhcHByb3ZhbCUyMGJlZm9yZSUyMHlvdXIlMjBvcmRlciUyMGlzJTIwcHJpbnRlZC4lMjAlMjIlN0QlMkMlN0IlMjJpZCUyMiUzQSUyMlYwTG9xREtaNVYlMjIlMkMlMjJwYXJhSWR4JTIyJTNBNiUyQyUyMnNyYyUyMiUzQSUyMldlJTIwd2lsbCUyMG5vdCUyMHN0YXJ0JTIweW91ciUyMG9yZGVyJTIwd2l0aG91dCUyMHlvdXIlMjBjb25zZW50LiUyMCUyMiUyQyUyMmRzdCUyMiUzQSUyMiVFNiU5QyVBQSVFNyVCQiU4RiVFNiU4MiVBOCVFNyU5QSU4NCVFNSU5MCU4QyVFNiU4NCU4RiVFRiVCQyU4QyVFNiU4OCU5MSVFNCVCQiVBQyVFNCVCOCU4RCVFNCVCQyU5QSVFNSVCQyU4MCVFNSVBNyU4QiVFNiU4MiVBOCVFNyU5QSU4NCVFOCVBRSVBMiVFNSU4RCU5NSVFMyU4MCU4MiUyMiUyQyUyMm1ldGFkYXRhJTIyJTNBJTIyJTIyJTJDJTIybWV0YURhdGElMjIlM0ElNUIlNUQlMkMlMjJ0ZXh0JTIyJTNBJTIyV2UlMjB3aWxsJTIwbm90JTIwc3RhcnQlMjB5b3VyJTIwb3JkZXIlMjB3aXRob3V0JTIweW91ciUyMGNvbnNlbnQuJTIwJTIyJTdEJTJDJTdCJTIyaWQlMjIlM0ElMjJlSk9nd29wcnBWJTIyJTJDJTIycGFyYUlkeCUyMiUzQTYlMkMlMjJzcmMlMjIlM0ElMjJXZSUyMGd1YXJhbnRlZSUyMHRoYXQlMjBhbGwlMjBvcmRlciUyMHByb2R1Y3Rpb24lMjBtZWV0cyUyMHRoZSUyMHNwZWNpZmljYXRpb25zJTIwYXBwcm92ZWQlMjBieSUyMHlvdSUyMG9uJTIwdGhlJTIwb3JkZXIlMjBhbmQlMjBhcnQlMjBwYXBlciUyMHByb29mLiUyMiUyQyUyMmRzdCUyMiUzQSUyMiVFNiU4OCU5MSVFNCVCQiVBQyVFNCVCRiU5RCVFOCVBRiU4MSVFNiU4OSU4MCVFNiU5QyU4OSVFOCVBRSVBMiVFNSU4RCU5NSVFNyU5NCU5RiVFNCVCQSVBNyVFNyVBQyVBNiVFNSU5MCU4OCVFNiU4MiVBOCVFNSU5QyVBOCVFOCVBRSVBMiVFNSU4RCU5NSVFNSU5MiU4QyVFOCU4OSVCQSVFNiU5QyVBRiVFNyVCQSVCOCVFOCVBRiU4MSVFNiU5OCU4RSVFNCVCOCU4QSVFNiU4OSVCOSVFNSU4NyU4NiVFNyU5QSU4NCVFOCVBNyU4NCVFNiVBMCVCQyVFMyU4MCU4MiUyMiUyQyUyMm1ldGFkYXRhJTIyJTNBJTIyJTIyJTJDJTIybWV0YURhdGElMjIlM0ElNUIlNUQlMkMlMjJ0ZXh0JTIyJTNBJTIyV2UlMjBndWFyYW50ZWUlMjB0aGF0JTIwYWxsJTIwb3JkZXIlMjBwcm9kdWN0aW9uJTIwbWVldHMlMjB0aGUlMjBzcGVjaWZpY2F0aW9ucyUyMGFwcHJvdmVkJTIwYnklMjB5b3UlMjBvbiUyMHRoZSUyMG9yZGVyJTIwYW5kJTIwYXJ0JTIwcGFwZXIlMjBwcm9vZi4lMjIlN0QlNUQlN0QlMkMlN0IlMjJ0eXBlJTIyJTNBJTIycGFyYWdyYXBoJTIyJTJDJTIyY2hpbGRyZW4lMjIlM0ElNUIlN0IlMjJpZCUyMiUzQSUyMkJYT1BXZzRqQXolMjIlMkMlMjJwYXJhSWR4JTIyJTNBNyUyQyUyMnNyYyUyMiUzQSUyMiUyMiUyQyUyMmRzdCUyMiUzQSUyMiUyMiUyQyUyMm1ldGFkYXRhJTIyJTNBJTIyJTIyJTJDJTIybWV0YURhdGElMjIlM0ElNUIlNUQlMkMlMjJ0ZXh0JTIyJTNBJTIyJTIyJTdEJTVEJTdEJTJDJTdCJTIydHlwZSUyMiUzQSUyMnBhcmFncmFwaCUyMiUyQyUyMmNoaWxkcmVuJTIyJTNBJTVCJTdCJTIyaWQlMjIlM0ElMjJleHg1TkdYMFJlJTIyJTJDJTIycGFyYUlkeCUyMiUzQTglMkMlMjJzcmMlMjIlM0ElMjJQcmljZSUyMEd1YXJhbnRlZSUyMiUyQyUyMmRzdCUyMiUzQSUyMiVFNCVCQiVCNyVFNiVBMCVCQyVFNCVCRiU5RCVFOCVBRiU4MSUyMiUyQyUyMm1ldGFkYXRhJTIyJTNBJTIyJTIyJTJDJTIybWV0YURhdGElMjIlM0ElNUIlNUQlMkMlMjJ0ZXh0JTIyJTNBJTIyUHJpY2UlMjBHdWFyYW50ZWUlMjIlN0QlNUQlN0QlMkMlN0IlMjJ0eXBlJTIyJTNBJTIycGFyYWdyYXBoJTIyJTJDJTIyY2hpbGRyZW4lMjIlM0ElNUIlN0IlMjJpZCUyMiUzQSUyMmUzZzhwYkFMR2UlMjIlMkMlMjJwYXJhSWR4JTIyJTNBOSUyQyUyMnNyYyUyMiUzQSUyMldlJTIwZ3VhcmFudGVlJTIwcHJpY2VzJTIwYW5kJTIwYmVhdCUyMGFueSUyMGNvbXBldGl0aXZlJTIwcHJpY2VzISUyMCUyMiUyQyUyMmRzdCUyMiUzQSUyMiVFNiU4OCU5MSVFNCVCQiVBQyVFNCVCRiU5RCVFOCVBRiU4MSVFNCVCQiVCNyVFNiVBMCVCQyVFRiVCQyU4QyVFNSVCOSVCNiVFNSU4NyVCQiVFOCVCNCVBNSVFNCVCQiVCQiVFNCVCRCU5NSVFNiU5QyU4OSVFNyVBQiU5RSVFNCVCQSU4OSVFNSU4QSU5QiVFNyU5QSU4NCVFNCVCQiVCNyVFNiVBMCVCQyVFRiVCQyU4MSUyMiUyQyUyMm1ldGFkYXRhJTIyJTNBJTIyJTIyJTJDJTIybWV0YURhdGElMjIlM0ElNUIlNUQlMkMlMjJ0ZXh0JTIyJTNBJTIyV2UlMjBndWFyYW50ZWUlMjBwcmljZXMlMjBhbmQlMjBiZWF0JTIwYW55JTIwY29tcGV0aXRpdmUlMjBwcmljZXMhJTIwJTIyJTdEJTJDJTdCJTIyaWQlMjIlM0ElMjJWT0xnWk9qZEF6JTIyJTJDJTIycGFyYUlkeCUyMiUzQTklMkMlMjJzcmMlMjIlM0ElMjJPdXIlMjBodWdlJTIwbWFudWZhY3R1cmluZyUyMHN0cmVuZ3RoJTIwbWVhbnMlMjBhbHdheXMlMjBlbnN1cmluZyUyMGFmZm9yZGFibGUlMjBwcmljZXMhJTIwJTIyJTJDJTIyZHN0JTIyJTNBJTIyJUU2JTg4JTkxJUU0JUJCJUFDJUU1JUJDJUJBJUU1JUE0JUE3JUU3JTlBJTg0JUU1JTg4JUI2JUU5JTgwJUEwJUU1JUFFJTlFJUU1JThBJTlCJUU2JTg0JThGJUU1JTkxJUIzJUU3JTlEJTgwJUU1JUE3JThCJUU3JUJCJTg4JUU3JUExJUFFJUU0JUJGJTlEJUU0JUJCJUI3JUU2JUEwJUJDJUU1JUFFJTlFJUU2JTgzJUEwJUVGJUJDJTgxJTIyJTJDJTIybWV0YWRhdGElMjIlM0ElMjIlMjIlMkMlMjJtZXRhRGF0YSUyMiUzQSU1QiU1RCUyQyUyMnRleHQlMjIlM0ElMjJPdXIlMjBodWdlJTIwbWFudWZhY3R1cmluZyUyMHN0cmVuZ3RoJTIwbWVhbnMlMjBhbHdheXMlMjBlbnN1cmluZyUyMGFmZm9yZGFibGUlMjBwcmljZXMhJTIwJTIyJTdEJTJDJTdCJTIyaWQlMjIlM0ElMjJlcXZxTkdYNlBWJTIyJTJDJTIycGFyYUlkeCUyMiUzQTklMkMlMjJzcmMlMjIlM0ElMjJUbyUyMGVuc3VyZSUyMHRoYXQlMjB5b3UlMjBhbHdheXMlMjByZWNlaXZlJTIwYWZmb3JkYWJsZSUyMHByaWNlcyUyMGZvciUyMGFsbCUyMG9mJTIwb3VyJTIwcHJvZHVjdHMuJTIyJTJDJTIyZHN0JTIyJTNBJTIyJUU3JUExJUFFJUU0JUJGJTlEJUU2JTgyJUE4JUU1JUE3JThCJUU3JUJCJTg4JUU4JThFJUI3JUU1JUJFJTk3JUU2JTg4JTkxJUU0JUJCJUFDJUU2JTg5JTgwJUU2JTlDJTg5JUU0JUJBJUE3JUU1JTkzJTgxJUU3JTlBJTg0JUU1JUFFJTlFJUU2JTgzJUEwJUU0JUJCJUI3JUU2JUEwJUJDJUUzJTgwJTgyJTIyJTJDJTIybWV0YWRhdGElMjIlM0ElMjIlMjIlMkMlMjJtZXRhRGF0YSUyMiUzQSU1QiU1RCUyQyUyMnRleHQlMjIlM0ElMjJUbyUyMGVuc3VyZSUyMHRoYXQlMjB5b3UlMjBhbHdheXMlMjByZWNlaXZlJTIwYWZmb3JkYWJsZSUyMHByaWNlcyUyMGZvciUyMGFsbCUyMG9mJTIwb3VyJTIwcHJvZHVjdHMuJTIyJTdEJTVEJTdEJTVE\"><span data-slate-node=\"text\"><span class=\"null\" data-slate-leaf=\"true\" data-sent-id=\"e3g8pbALGe\">Wir garantieren Preise und unterbieten alle Konkurrenzpreise!<br \/><\/span><\/span><span data-slate-node=\"text\"><span class=\"null\" data-slate-leaf=\"true\" data-sent-id=\"VOLgZOjdAz\">Durch unsere enorme Fertigungsst\u00e4rke k\u00f6nnen wir Ihnen stets g\u00fcnstige Preise garantieren!<br \/><\/span><\/span><span data-slate-node=\"text\"><span class=\"null\" data-slate-leaf=\"true\" data-sent-id=\"eqvqNGX6PV\">Damit Sie f\u00fcr alle unsere Produkte stets g\u00fcnstige Preise erhalten.<br \/><br \/><\/span><\/span><\/div>\t\t\t\t\t\t\t\t<\/div>\n\t\t\t\t\t<\/div>\n\t\t\t\t<\/div>\n\t\t\t\t<\/div>","protected":false},"excerpt":{"rendered":"<p>Unsere Garantie-Service-Garantie: Zufriedenheitsgarantie ist unser oberstes Ziel! Wir messen unseren Erfolg seit jeher an der Kundenzufriedenheit. Wir sind stolz auf unseren hervorragenden Ruf bei unseren Kunden. Ihre erste Bestellung ist der Beginn einer hoffentlich langfristigen Gesch\u00e4ftsbeziehung. Wir garantieren Ihnen, dass Sie rundum zufrieden sein werden\u2026<\/p>","protected":false},"author":1,"featured_media":0,"parent":0,"menu_order":0,"comment_status":"closed","ping_status":"closed","template":"","meta":{"_kad_post_transparent":"default","_kad_post_title":"default","_kad_post_layout":"default","_kad_post_sidebar_id":"","_kad_post_content_style":"default","_kad_post_vertical_padding":"default","_kad_post_feature":"","_kad_post_feature_position":"","_kad_post_header":false,"_kad_post_footer":false,"_kad_post_classname":"","footnotes":""},"class_list":["post-3370","page","type-page","status-publish","hentry"],"_links":{"self":[{"href":"https:\/\/anzonnpromo.com\/de\/wp-json\/wp\/v2\/pages\/3370","targetHints":{"allow":["GET"]}}],"collection":[{"href":"https:\/\/anzonnpromo.com\/de\/wp-json\/wp\/v2\/pages"}],"about":[{"href":"https:\/\/anzonnpromo.com\/de\/wp-json\/wp\/v2\/types\/page"}],"author":[{"embeddable":true,"href":"https:\/\/anzonnpromo.com\/de\/wp-json\/wp\/v2\/users\/1"}],"replies":[{"embeddable":true,"href":"https:\/\/anzonnpromo.com\/de\/wp-json\/wp\/v2\/comments?post=3370"}],"version-history":[{"count":0,"href":"https:\/\/anzonnpromo.com\/de\/wp-json\/wp\/v2\/pages\/3370\/revisions"}],"wp:attachment":[{"href":"https:\/\/anzonnpromo.com\/de\/wp-json\/wp\/v2\/media?parent=3370"}],"curies":[{"name":"wp","href":"https:\/\/api.w.org\/{rel}","templated":true}]}}