{"id":3859,"date":"2024-09-22T15:50:06","date_gmt":"2024-09-22T15:50:06","guid":{"rendered":"https:\/\/anzonnpromo.com\/?page_id=3859"},"modified":"2025-01-12T14:39:09","modified_gmt":"2025-01-12T14:39:09","slug":"website-accessibility","status":"publish","type":"page","link":"https:\/\/anzonnpromo.com\/fr\/website-accessibility\/","title":{"rendered":"Accessibilit\u00e9 du site Web"},"content":{"rendered":"<div data-elementor-type=\"wp-page\" data-elementor-id=\"3859\" class=\"elementor elementor-3859\" data-elementor-settings=\"{&quot;ha_cmc_init_switcher&quot;:&quot;no&quot;}\" data-elementor-post-type=\"page\">\n\t\t\t\t<div class=\"elementor-element elementor-element-e54d1ce e-flex e-con-boxed e-con e-parent\" data-id=\"e54d1ce\" data-element_type=\"container\" data-e-type=\"container\" data-settings=\"{&quot;_ha_eqh_enable&quot;:false,&quot;ekit_has_onepagescroll_dot&quot;:&quot;yes&quot;}\">\n\t\t\t\t\t<div class=\"e-con-inner\">\n\t\t\t\t<div class=\"elementor-element elementor-element-34ead642 elementor-widget elementor-widget-text-editor\" data-id=\"34ead642\" data-element_type=\"widget\" data-e-type=\"widget\" data-settings=\"{&quot;ekit_we_effect_on&quot;:&quot;none&quot;}\" data-widget_type=\"text-editor.default\">\n\t\t\t\t\t\t\t\t\t<div data-slate-node=\"element\"><strong>D\u00e9claration d&#039;accessibilit\u00e9 du Web<\/strong><\/div><div data-slate-node=\"element\">\u00a0<\/div><div data-slate-node=\"element\"><span data-slate-node=\"text\">Nous nous effor\u00e7ons de rendre notre site Web accessible \u00e0 tous, y compris aux personnes handicap\u00e9es.<\/span><\/div><div data-slate-node=\"element\"><span data-slate-node=\"text\">Chez Anzonnpromo, nous nous engageons \u00e0 fournir une accessibilit\u00e9 num\u00e9rique \u00e0 tous nos clients.<\/span><span data-slate-node=\"text\">Nous nous effor\u00e7ons continuellement d\u2019am\u00e9liorer l\u2019exp\u00e9rience utilisateur pour tous tout en appliquant toutes les normes d\u2019accessibilit\u00e9 pertinentes. <\/span><span data-slate-node=\"text\">Pour de nombreuses personnes, l\u2019accessibilit\u00e9 signifie la prise en charge des technologies d\u2019assistance qu\u2019elles utilisent pour naviguer sur le Web, notamment les lecteurs d\u2019\u00e9cran, les loupes d\u2019\u00e9cran, la saisie vocale et la technologie du clavier\/commutateur.<\/span><\/div><div data-slate-node=\"element\">\u00a0<\/div><div data-slate-node=\"element\"><span data-slate-node=\"text\">Les Lignes directrices pour l\u2019accessibilit\u00e9 au contenu Web stipulent les exigences auxquelles doivent satisfaire les concepteurs et les d\u00e9veloppeurs pour am\u00e9liorer l\u2019accessibilit\u00e9 pour les personnes handicap\u00e9es.<\/span><\/div><div data-slate-node=\"element\"><span data-slate-node=\"text\">\u00c0 cette fin, nous avons pris des mesures pour am\u00e9liorer la convivialit\u00e9 de notre site Web pour tous les clients, guid\u00e9s par les directives d&#039;accessibilit\u00e9 au contenu du r\u00e9seau de niveau AA (WCAG 2.1).<br \/><\/span><span data-slate-node=\"text\">Nous nous effor\u00e7ons de r\u00e9pondre aux exigences et continuerons de revoir et d\u2019am\u00e9liorer notre site Web pour offrir une exp\u00e9rience accessible.<\/span><\/div><div data-slate-node=\"element\"><span data-slate-node=\"text\">Nous effectuons \u00e9galement r\u00e9guli\u00e8rement des examens et des inspections manuelles du site Web.<\/span><\/div><div data-slate-node=\"element\">\u00a0<\/div><div data-slate-node=\"element\" data-slate-fragment=\"JTVCJTdCJTIydHlwZSUyMiUzQSUyMnBhcmFncmFwaCUyMiUyQyUyMmNoaWxkcmVuJTIyJTNBJTVCJTdCJTIyaWQlMjIlM0ElMjJlamxvbUs1NWR6JTIyJTJDJTIycGFyYUlkeCUyMiUzQTAlMkMlMjJzcmMlMjIlM0ElMjJXZWIlMjBBY2Nlc3NpYmlsaXR5JTIwU3RhdGVtZW50JTIyJTJDJTIyZHN0JTIyJTNBJTIyJUU3JUJEJTkxJUU3JUJCJTlDJUU2JTk3JUEwJUU5JTlBJTlDJUU3JUEyJThEJUU1JUEzJUIwJUU2JTk4JThFJTIyJTJDJTIybWV0YWRhdGElMjIlM0ElMjIlMjIlMkMlMjJtZXRhRGF0YSUyMiUzQSU1QiU1RCUyQyUyMnRleHQlMjIlM0ElMjJXZWIlMjBBY2Nlc3NpYmlsaXR5JTIwU3RhdGVtZW50JTIyJTdEJTVEJTdEJTJDJTdCJTIydHlwZSUyMiUzQSUyMnBhcmFncmFwaCUyMiUyQyUyMmNoaWxkcmVuJTIyJTNBJTVCJTdCJTIyaWQlMjIlM0ElMjJWTlFhblI3NzFlJTIyJTJDJTIycGFyYUlkeCUyMiUzQTElMkMlMjJzcmMlMjIlM0ElMjIlMjIlMkMlMjJkc3QlMjIlM0ElMjIlMjIlMkMlMjJtZXRhZGF0YSUyMiUzQSUyMiUyMiUyQyUyMm1ldGFEYXRhJTIyJTNBJTVCJTVEJTJDJTIydGV4dCUyMiUzQSUyMiUyMiU3RCU1RCU3RCUyQyU3QiUyMnR5cGUlMjIlM0ElMjJwYXJhZ3JhcGglMjIlMkMlMjJjaGlsZHJlbiUyMiUzQSU1QiU3QiUyMmlkJTIyJTNBJTIyem4xeGFHMDBNViUyMiUyQyUyMnBhcmFJZHglMjIlM0EyJTJDJTIyc3JjJTIyJTNBJTIyV2UlMjBzdHJpdmUlMjB0byUyMG1ha2UlMjBvdXIlMjB3ZWJzaXRlJTIwYWNjZXNzaWJsZSUyMGZvciUyMGV2ZXJ5b25lJTJDJTIwaW5jbHVkaW5nJTIwdGhvc2UlMjB3aXRoJTIwZGlzYWJpbGl0aWVzLiUyMiUyQyUyMmRzdCUyMiUzQSUyMiVFNiU4OCU5MSVFNCVCQiVBQyVFNSU4QSVBQSVFNSU4QSU5QiVFNCVCRCVCRiVFNiU4OCU5MSVFNCVCQiVBQyVFNyU5QSU4NCVFNyVCRCU5MSVFNyVBQiU5OSVFNSVBRiVCOSVFNiVBRiU4RiVFNCVCOCVBQSVFNCVCQSVCQSVFOSU4MyVCRCVFNiU5OCVBRiVFNiU5NyVBMCVFOSU5QSU5QyVFNyVBMiU4RCVFNyU5QSU4NCVFRiVCQyU4QyVFNSU4QyU4NSVFNiU4QiVBQyVFNiVBRSU4QiVFNyU5NiVCRSVFNCVCQSVCQSVFMyU4MCU4MiUyMiUyQyUyMm1ldGFkYXRhJTIyJTNBJTIyJTIyJTJDJTIybWV0YURhdGElMjIlM0ElNUIlNUQlMkMlMjJ0ZXh0JTIyJTNBJTIyV2UlMjBzdHJpdmUlMjB0byUyMG1ha2UlMjBvdXIlMjB3ZWJzaXRlJTIwYWNjZXNzaWJsZSUyMGZvciUyMGV2ZXJ5b25lJTJDJTIwaW5jbHVkaW5nJTIwdGhvc2UlMjB3aXRoJTIwZGlzYWJpbGl0aWVzLiUyMiU3RCU1RCU3RCUyQyU3QiUyMnR5cGUlMjIlM0ElMjJwYXJhZ3JhcGglMjIlMkMlMjJjaGlsZHJlbiUyMiUzQSU1QiU3QiUyMmlkJTIyJTNBJTIyellFOXFMYmJNeiUyMiUyQyUyMnBhcmFJZHglMjIlM0EzJTJDJTIyc3JjJTIyJTNBJTIyQXQlMjBBbnpvbm5wcm9tbyUyMHdlJTIwYXJlJTIwY29tbWl0dGVkJTIwdG8lMjBwcm92aWRpbmclMjBkaWdpdGFsJTIwYWNjZXNzaWJpbGl0eSUyMGZvciUyMGFsbCUyMG9mJTIwb3VyJTIwY3VzdG9tZXJzLiUyMCUyMiUyQyUyMmRzdCUyMiUzQSUyMiVFNSU5QyVBOEFuem9ubnByb21vJUVGJUJDJThDJUU2JTg4JTkxJUU0JUJCJUFDJUU4JTg3JUI0JUU1JThBJTlCJUU0JUJBJThFJUU0JUI4JUJBJUU2JTg5JTgwJUU2JTlDJTg5JUU1JUFFJUEyJUU2JTg4JUI3JUU2JThGJTkwJUU0JUJFJTlCJUU2JTk1JUIwJUU1JUFEJTk3JUU2JTk3JUEwJUU5JTlBJTlDJUU3JUEyJThEJUU2JTlDJThEJUU1JThBJUExJUUzJTgwJTgyJTIyJTJDJTIybWV0YWRhdGElMjIlM0ElMjIlMjIlMkMlMjJtZXRhRGF0YSUyMiUzQSU1QiU1RCUyQyUyMnRleHQlMjIlM0ElMjJBdCUyMEFuem9ubnByb21vJTIwd2UlMjBhcmUlMjBjb21taXR0ZWQlMjB0byUyMHByb3ZpZGluZyUyMGRpZ2l0YWwlMjBhY2Nlc3NpYmlsaXR5JTIwZm9yJTIwYWxsJTIwb2YlMjBvdXIlMjBjdXN0b21lcnMuJTIwJTIyJTdEJTJDJTdCJTIyaWQlMjIlM0ElMjJWa1pOTTdubjdlJTIyJTJDJTIycGFyYUlkeCUyMiUzQTMlMkMlMjJzcmMlMjIlM0ElMjJXZSUyMGNvbnRpbnVvdXNseSUyMHN0cml2ZSUyMHRvJTIwaW1wcm92ZSUyMHRoZSUyMHVzZXIlMjBleHBlcmllbmNlJTIwZm9yJTIwZXZlcnlvbmUlMjB3aGlsZSUyMGFwcGx5aW5nJTIwYW55JTIwcmVsZXZhbnQlMjBhY2Nlc3NpYmlsaXR5JTIwc3RhbmRhcmRzLiUyMCUyMiUyQyUyMmRzdCUyMiUzQSUyMiVFNiU4OCU5MSVFNCVCQiVBQyVFNSU5QyVBOCVFNSVCQSU5NCVFNyU5NCVBOCVFNCVCQiVCQiVFNCVCRCU5NSVFNyU5QiVCOCVFNSU4NSVCMyVFNyU5QSU4NCVFNiU5NyVBMCVFOSU5QSU5QyVFNyVBMiU4RCVFNiVBMCU4NyVFNSU4NyU4NiVFNyU5QSU4NCVFNSU5MCU4QyVFNiU5NyVCNiVFRiVCQyU4QyVFNCVCOCU4RCVFNiU5NiVBRCVFNSU4QSVBQSVFNSU4QSU5QiVFNiU5NCVCOSVFNSU5NiU4NCVFNiVBRiU4RiVFNCVCOCVBQSVFNCVCQSVCQSVFNyU5QSU4NCVFNyU5NCVBOCVFNiU4OCVCNyVFNCVCRCU5MyVFOSVBQSU4QyVFMyU4MCU4MiUyMiUyQyUyMm1ldGFkYXRhJTIyJTNBJTIyJTIyJTJDJTIybWV0YURhdGElMjIlM0ElNUIlNUQlMkMlMjJ0ZXh0JTIyJTNBJTIyV2UlMjBjb250aW51b3VzbHklMjBzdHJpdmUlMjB0byUyMGltcHJvdmUlMjB0aGUlMjB1c2VyJTIwZXhwZXJpZW5jZSUyMGZvciUyMGV2ZXJ5b25lJTIwd2hpbGUlMjBhcHBseWluZyUyMGFueSUyMHJlbGV2YW50JTIwYWNjZXNzaWJpbGl0eSUyMHN0YW5kYXJkcy4lMjAlMjIlN0QlMkMlN0IlMjJpZCUyMiUzQSUyMmVtRFk5QXh4SkIlMjIlMkMlMjJwYXJhSWR4JTIyJTNBMyUyQyUyMnNyYyUyMiUzQSUyMkZvciUyMG1hbnklMjBwZW9wbGUlMkMlMjBhY2Nlc3NpYmlsaXR5JTIwbWVhbnMlMjBzdXBwb3J0JTIwZm9yJTIwdGhlJTIwYXNzaXN0aXZlJTIwdGVjaG5vbG9naWVzJTIwdGhleSUyMHVzZSUyMHRvJTIwYnJvd3NlJTIwdGhlJTIwd2ViJTJDJTIwaW5jbHVkaW5nJTIwc2NyZWVuJTIwcmVhZGVycyUyQyUyMHNjcmVlbiUyMG1hZ25pZmllcnMlMkMlMjBzcGVlY2glMjBpbnB1dCUyMGFuZCUyMGtleWJvYXJkJTJGc3dpdGNoJTIwdGVjaG5vbG9neS4lMjIlMkMlMjJkc3QlMjIlM0ElMjIlRTUlQUYlQjklRTglQUUlQjglRTUlQTQlOUElRTQlQkElQkElRTYlOUQlQTUlRTglQUYlQjQlRUYlQkMlOEMlRTYlOTclQTAlRTklOUElOUMlRTclQTIlOEQlRTYlODQlOEYlRTUlOTElQjMlRTclOUQlODAlRTYlOTQlQUYlRTYlOEMlODElRTQlQkIlOTYlRTQlQkIlQUMlRTclOTQlQTglRTYlOUQlQTUlRTYlQjUlOEYlRTglQTclODglRTclQkQlOTElRTklQTElQjUlRTclOUElODQlRTglQkUlODUlRTUlOEElQTklRTYlOEElODAlRTYlOUMlQUYlRUYlQkMlOEMlRTUlOEMlODUlRTYlOEIlQUMlRTUlQjElOEYlRTUlQjklOTUlRTklOTglODUlRTglQUYlQkIlRTUlOTklQTglRTMlODAlODElRTUlQjElOEYlRTUlQjklOTUlRTYlOTQlQkUlRTUlQTQlQTclRTklOTUlOUMlRTMlODAlODElRTglQUYlQUQlRTklOUYlQjMlRTglQkUlOTMlRTUlODUlQTUlRTUlOTIlOEMlRTklOTQlQUUlRTclOUIlOTglMkYlRTUlQkMlODAlRTUlODUlQjMlRTYlOEElODAlRTYlOUMlQUYlRTMlODAlODIlMjIlMkMlMjJtZXRhZGF0YSUyMiUzQSUyMiUyMiUyQyUyMm1ldGFEYXRhJTIyJTNBJTVCJTVEJTJDJTIydGV4dCUyMiUzQSUyMkZvciUyMG1hbnklMjBwZW9wbGUlMkMlMjBhY2Nlc3NpYmlsaXR5JTIwbWVhbnMlMjBzdXBwb3J0JTIwZm9yJTIwdGhlJTIwYXNzaXN0aXZlJTIwdGVjaG5vbG9naWVzJTIwdGhleSUyMHVzZSUyMHRvJTIwYnJvd3NlJTIwdGhlJTIwd2ViJTJDJTIwaW5jbHVkaW5nJTIwc2NyZWVuJTIwcmVhZGVycyUyQyUyMHNjcmVlbiUyMG1hZ25pZmllcnMlMkMlMjBzcGVlY2glMjBpbnB1dCUyMGFuZCUyMGtleWJvYXJkJTJGc3dpdGNoJTIwdGVjaG5vbG9neS4lMjIlN0QlNUQlN0QlMkMlN0IlMjJ0eXBlJTIyJTNBJTIycGFyYWdyYXBoJTIyJTJDJTIyY2hpbGRyZW4lMjIlM0ElNUIlN0IlMjJpZCUyMiUzQSUyMlZNbDlONm9vUmUlMjIlMkMlMjJwYXJhSWR4JTIyJTNBNCUyQyUyMnNyYyUyMiUzQSUyMiUyMiUyQyUyMmRzdCUyMiUzQSUyMiUyMiUyQyUyMm1ldGFkYXRhJTIyJTNBJTIyJTIyJTJDJTIybWV0YURhdGElMjIlM0ElNUIlNUQlMkMlMjJ0ZXh0JTIyJTNBJTIyJTIyJTdEJTVEJTdEJTJDJTdCJTIydHlwZSUyMiUzQSUyMnBhcmFncmFwaCUyMiUyQyUyMmNoaWxkcmVuJTIyJTNBJTVCJTdCJTIyaWQlMjIlM0ElMjJlS0QwdkFYWGtWJTIyJTJDJTIycGFyYUlkeCUyMiUzQTUlMkMlMjJzcmMlMjIlM0ElMjJUaGUlMjBXZWIlMjBDb250ZW50JTIwQWNjZXNzaWJpbGl0eSUyMEd1aWRlbGluZXMlMjBzdGlwdWxhdGUlMjByZXF1aXJlbWVudHMlMjBmb3IlMjBkZXNpZ25lcnMlMjBhbmQlMjBkZXZlbG9wZXJzJTIwdG8lMjBpbXByb3ZlJTIwYWNjZXNzaWJpbGl0eSUyMGZvciUyMHBlb3BsZSUyMHdpdGglMjBkaXNhYmlsaXRpZXMuJTIyJTJDJTIyZHN0JTIyJTNBJTIyJUUzJTgwJThBJUU3JUJEJTkxJUU3JUJCJTlDJUU1JTg2JTg1JUU1JUFFJUI5JUU2JTk3JUEwJUU5JTlBJTlDJUU3JUEyJThEJUU2JThDJTg3JUU1JThEJTk3JUUzJTgwJThCJUU4JUE3JTg0JUU1JUFFJTlBJUU0JUJBJTg2JUU4JUFFJUJFJUU4JUFFJUExJUU1JUI4JTg4JUU1JTkyJThDJUU1JUJDJTgwJUU1JThGJTkxJUU0JUJBJUJBJUU1JTkxJTk4JUU2JThGJTkwJUU5JUFCJTk4JUU2JUFFJThCJUU3JTk2JUJFJUU0JUJBJUJBJUU2JTk3JUEwJUU5JTlBJTlDJUU3JUEyJThEJUU2JTgwJUE3JUU3JTlBJTg0JUU4JUE2JTgxJUU2JUIxJTgyJUUzJTgwJTgyJTIyJTJDJTIybWV0YWRhdGElMjIlM0ElMjIlMjIlMkMlMjJtZXRhRGF0YSUyMiUzQSU1QiU1RCUyQyUyMnRleHQlMjIlM0ElMjJUaGUlMjBXZWIlMjBDb250ZW50JTIwQWNjZXNzaWJpbGl0eSUyMEd1aWRlbGluZXMlMjBzdGlwdWxhdGUlMjByZXF1aXJlbWVudHMlMjBmb3IlMjBkZXNpZ25lcnMlMjBhbmQlMjBkZXZlbG9wZXJzJTIwdG8lMjBpbXByb3ZlJTIwYWNjZXNzaWJpbGl0eSUyMGZvciUyMHBlb3BsZSUyMHdpdGglMjBkaXNhYmlsaXRpZXMuJTIyJTdEJTVEJTdEJTJDJTdCJTIydHlwZSUyMiUzQSUyMnBhcmFncmFwaCUyMiUyQyUyMmNoaWxkcmVuJTIyJTNBJTVCJTdCJTIyaWQlMjIlM0ElMjJWN0Q0a0xZWTV6JTIyJTJDJTIycGFyYUlkeCUyMiUzQTYlMkMlMjJzcmMlMjIlM0ElMjJUbyUyMHRoaXMlMjBlbmQlMkMlMjB3ZSUyMGhhdmUlMjB0YWtlbiUyMG1lYXN1cmVzJTIwdG8lMjBpbXByb3ZlJTIwdGhlJTIwdXNhYmlsaXR5JTIwb2YlMjBvdXIlMjB3ZWJzaXRlJTIwZm9yJTIwYWxsJTIwY3VzdG9tZXJzJTJDJTIwZ3VpZGVkJTIwYnklMjB0aGUlMjBOZXR3b3JrJTIwQ29udGVudCUyMEFjY2Vzc2liaWxpdHklMjBHdWlkZWxpbmVzJTIwQUElMjBsZXZlbCUyMChXQ0FHJTIwMi4xKS4lMjAlMjIlMkMlMjJkc3QlMjIlM0ElMjIlRTQlQjglQkElRTYlQUQlQTQlRUYlQkMlOEMlRTYlODglOTElRTQlQkIlQUMlRTUlQjclQjIlRTklODclODclRTUlOEYlOTYlRTYlOEUlQUElRTYlOTYlQkQlRUYlQkMlOEMlRTUlOUMlQTglRTclQkQlOTElRTclQkIlOUMlRTUlODYlODUlRTUlQUUlQjklRTYlOTclQTAlRTklOUElOUMlRTclQTIlOEQlRTYlOEMlODclRTUlOEQlOTdBQSVFNyVCQSVBNyVFRiVCQyU4OFdDQUclMjAyLjElRUYlQkMlODklRTclOUElODQlRTYlOEMlODclRTUlQUYlQkMlRTQlQjglOEIlRUYlQkMlOEMlRTYlOEYlOTAlRTklQUIlOTglRTYlODglOTElRTQlQkIlQUMlRTclQkQlOTElRTclQUIlOTklRTUlQUYlQjklRTYlODklODAlRTYlOUMlODklRTUlQUUlQTIlRTYlODglQjclRTclOUElODQlRTUlOEYlQUYlRTclOTQlQTglRTYlODAlQTclRTMlODAlODIlMjIlMkMlMjJtZXRhZGF0YSUyMiUzQSUyMiUyMiUyQyUyMm1ldGFEYXRhJTIyJTNBJTVCJTVEJTJDJTIydGV4dCUyMiUzQSUyMlRvJTIwdGhpcyUyMGVuZCUyQyUyMHdlJTIwaGF2ZSUyMHRha2VuJTIwbWVhc3VyZXMlMjB0byUyMGltcHJvdmUlMjB0aGUlMjB1c2FiaWxpdHklMjBvZiUyMG91ciUyMHdlYnNpdGUlMjBmb3IlMjBhbGwlMjBjdXN0b21lcnMlMkMlMjBndWlkZWQlMjBieSUyMHRoZSUyME5ldHdvcmslMjBDb250ZW50JTIwQWNjZXNzaWJpbGl0eSUyMEd1aWRlbGluZXMlMjBBQSUyMGxldmVsJTIwKFdDQUclMjAyLjEpLiUyMCUyMiU3RCUyQyU3QiUyMmlkJTIyJTNBJTIyQjRyUU5aWFhSViUyMiUyQyUyMnBhcmFJZHglMjIlM0E2JTJDJTIyc3JjJTIyJTNBJTIyV2UlMjBzdHJpdmUlMjB0byUyMG1lZXQlMjB0aGUlMjByZXF1aXJlbWVudHMlMjBhbmQlMjB3aWxsJTIwY29udGludWUlMjB0byUyMHJldmlldyUyMGFuZCUyMGltcHJvdmUlMjBvdXIlMjB3ZWJzaXRlJTIwdG8lMjBwcm92aWRlJTIwYW4lMjBhY2Nlc3NpYmxlJTIwZXhwZXJpZW5jZS4lMjIlMkMlMjJkc3QlMjIlM0ElMjIlRTYlODglOTElRTQlQkIlQUMlRTUlOEElQUElRTUlOEElOUIlRTYlQkIlQTElRTglQjYlQjMlRTglQTYlODElRTYlQjElODIlRUYlQkMlOEMlRTUlQjklQjYlRTUlQjAlODYlRTclQkIlQTclRTclQkIlQUQlRTUlQUUlQTElRTYlOUYlQTUlRTUlOTIlOEMlRTYlOTQlQjklRTglQkYlOUIlRTYlODglOTElRTQlQkIlQUMlRTclOUElODQlRTclQkQlOTElRTclQUIlOTklRUYlQkMlOEMlRTQlQkIlQTUlRTYlOEYlOTAlRTQlQkUlOUIlRTYlOTclQTAlRTklOUElOUMlRTclQTIlOEQlRTQlQkQlOTMlRTklQUElOEMlRTMlODAlODIlMjIlMkMlMjJtZXRhZGF0YSUyMiUzQSUyMiUyMiUyQyUyMm1ldGFEYXRhJTIyJTNBJTVCJTVEJTJDJTIydGV4dCUyMiUzQSUyMldlJTIwc3RyaXZlJTIwdG8lMjBtZWV0JTIwdGhlJTIwcmVxdWlyZW1lbnRzJTIwYW5kJTIwd2lsbCUyMGNvbnRpbnVlJTIwdG8lMjByZXZpZXclMjBhbmQlMjBpbXByb3ZlJTIwb3VyJTIwd2Vic2l0ZSUyMHRvJTIwcHJvdmlkZSUyMGFuJTIwYWNjZXNzaWJsZSUyMGV4cGVyaWVuY2UuJTIyJTdEJTVEJTdEJTJDJTdCJTIydHlwZSUyMiUzQSUyMnBhcmFncmFwaCUyMiUyQyUyMmNoaWxkcmVuJTIyJTNBJTVCJTdCJTIyaWQlMjIlM0ElMjJWQWw4RGp2djFlJTIyJTJDJTIycGFyYUlkeCUyMiUzQTclMkMlMjJzcmMlMjIlM0ElMjJXZSUyMGFsc28lMjBjb25kdWN0JTIwcmVndWxhciUyMG1hbnVhbCUyMHJldmlld3MlMjBhbmQlMjBpbnNwZWN0aW9ucyUyMG9mJTIwdGhlJTIwd2Vic2l0ZS4lMjIlMkMlMjJkc3QlMjIlM0ElMjIlRTYlODglOTElRTQlQkIlQUMlRTglQkYlOTglRTUlQUUlOUElRTYlOUMlOUYlRTUlQUYlQjklRTclQkQlOTElRTclQUIlOTklRTglQkYlOUIlRTglQTElOEMlRTQlQkElQkElRTUlQjclQTUlRTUlQUUlQTElRTYlOUYlQTUlRTUlOTIlOEMlRTYlQTMlODAlRTYlOUYlQTUlRTMlODAlODIlMjIlMkMlMjJtZXRhZGF0YSUyMiUzQSUyMiUyMiUyQyUyMm1ldGFEYXRhJTIyJTNBJTVCJTVEJTJDJTIydGV4dCUyMiUzQSUyMldlJTIwYWxzbyUyMGNvbmR1Y3QlMjByZWd1bGFyJTIwbWFudWFsJTIwcmV2aWV3cyUyMGFuZCUyMGluc3BlY3Rpb25zJTIwb2YlMjB0aGUlMjB3ZWJzaXRlLiUyMiU3RCU1RCU3RCUyQyU3QiUyMnR5cGUlMjIlM0ElMjJwYXJhZ3JhcGglMjIlMkMlMjJjaGlsZHJlbiUyMiUzQSU1QiU3QiUyMmlkJTIyJTNBJTIyZUd3MXFNbW1MZSUyMiUyQyUyMnBhcmFJZHglMjIlM0E4JTJDJTIyc3JjJTIyJTNBJTIyJTIyJTJDJTIyZHN0JTIyJTNBJTIyJTIyJTJDJTIybWV0YWRhdGElMjIlM0ElMjIlMjIlMkMlMjJtZXRhRGF0YSUyMiUzQSU1QiU1RCUyQyUyMnRleHQlMjIlM0ElMjIlMjIlN0QlNUQlN0QlMkMlN0IlMjJ0eXBlJTIyJTNBJTIycGFyYWdyYXBoJTIyJTJDJTIyY2hpbGRyZW4lMjIlM0ElNUIlN0IlMjJpZCUyMiUzQSUyMmU2V2xZREVFZ1YlMjIlMkMlMjJwYXJhSWR4JTIyJTNBOSUyQyUyMnNyYyUyMiUzQSUyMldlJTIwd2VsY29tZSUyMHlvdXIlMjBmZWVkYmFjayUyMHRvJTIwaGVscCUyMHVzJTIwY29udGludW91c2x5JTIwaW1wcm92ZSUyMHRoZSUyMGFjY2Vzc2liaWxpdHklMjBvZiUyMHRoZSUyMEFuem9ubnByb21vJTIwd2Vic2l0ZS4lMjAlMjIlMkMlMjJkc3QlMjIlM0ElMjIlRTYlODglOTElRTQlQkIlQUMlRTYlQUMlQTIlRTglQkYlOEUlRTYlODIlQTglRTclOUElODQlRTUlOEYlOEQlRTklQTYlODglRUYlQkMlOEMlRTQlQkIlQTUlRTUlQjglQUUlRTUlOEElQTklRTYlODglOTElRTQlQkIlQUMlRTQlQjglOEQlRTYlOTYlQUQlRTYlOTQlQjklRTglQkYlOUJBbnpvbm5wcm9wJUU3JUJEJTkxJUU3JUFCJTk5JUU3JTlBJTg0JUU1JThGJUFGJUU4JUFFJUJGJUU5JTk3JUFFJUU2JTgwJUE3JUUzJTgwJTgyJTIyJTJDJTIybWV0YWRhdGElMjIlM0ElMjIlMjIlMkMlMjJtZXRhRGF0YSUyMiUzQSU1QiU1RCUyQyUyMnRleHQlMjIlM0ElMjJXZSUyMHdlbGNvbWUlMjB5b3VyJTIwZmVlZGJhY2slMjB0byUyMGhlbHAlMjB1cyUyMGNvbnRpbnVvdXNseSUyMGltcHJvdmUlMjB0aGUlMjBhY2Nlc3NpYmlsaXR5JTIwb2YlMjB0aGUlMjBBbnpvbm5wcm9tbyUyMHdlYnNpdGUuJTIwJTIyJTdEJTJDJTdCJTIyaWQlMjIlM0ElMjJWUmxLTTk3N0VCJTIyJTJDJTIycGFyYUlkeCUyMiUzQTklMkMlMjJzcmMlMjIlM0ElMjJJZiUyMHlvdSUyMGVuY291bnRlciUyMGFueSUyMHByb2JsZW1zJTIwd2hpbGUlMjBhY2Nlc3NpbmclMjBvdXIlMjB3ZWJzaXRlJTJDJTIwcGxlYXNlJTIwY29udGFjdCUyMHVzJTIwYW5kJTIwZ2V0JTIwYXNzaXN0YW5jZSUyMGZyb20lMjBvdXIlMjBzdGFmZi4lMjIlMkMlMjJkc3QlMjIlM0ElMjIlRTUlQTYlODIlRTYlOUUlOUMlRTYlODIlQTglRTUlOUMlQTglRTglQUUlQkYlRTklOTclQUUlRTYlODglOTElRTQlQkIlQUMlRTclOUElODQlRTclQkQlOTElRTclQUIlOTklRTYlOTclQjYlRTklODElODclRTUlODglQjAlRTQlQkIlQkIlRTQlQkQlOTUlRTklOTclQUUlRTklQTIlOTglRUYlQkMlOEMlRTglQUYlQjclRTglODElOTQlRTclQjMlQkIlRTYlODglOTElRTQlQkIlQUMlRTUlQjklQjYlRTglOEUlQjclRTUlQkUlOTclRTYlODglOTElRTQlQkIlQUMlRTUlQjclQTUlRTQlQkQlOUMlRTQlQkElQkElRTUlOTElOTglRTclOUElODQlRTUlQjglQUUlRTUlOEElQTklRTMlODAlODIlMjIlMkMlMjJtZXRhZGF0YSUyMiUzQSUyMiUyMiUyQyUyMm1ldGFEYXRhJTIyJTNBJTVCJTVEJTJDJTIydGV4dCUyMiUzQSUyMklmJTIweW91JTIwZW5jb3VudGVyJTIwYW55JTIwcHJvYmxlbXMlMjB3aGlsZSUyMGFjY2Vzc2luZyUyMG91ciUyMHdlYnNpdGUlMkMlMjBwbGVhc2UlMjBjb250YWN0JTIwdXMlMjBhbmQlMjBnZXQlMjBhc3Npc3RhbmNlJTIwZnJvbSUyMG91ciUyMHN0YWZmLiUyMiU3RCU1RCU3RCU1RA==\"><span data-slate-node=\"text\">Nous vous invitons \u00e0 nous faire part de vos commentaires pour nous aider \u00e0 am\u00e9liorer en permanence l&#039;accessibilit\u00e9 du site Web Anzonnpromo.<br \/><\/span><span data-slate-node=\"text\">Si vous rencontrez des probl\u00e8mes lors de l&#039;acc\u00e8s \u00e0 notre site Web, veuillez nous contacter et obtenir l&#039;aide de notre personnel.<br \/><br \/><\/span><\/div>\t\t\t\t\t\t\t\t<\/div>\n\t\t\t\t\t<\/div>\n\t\t\t\t<\/div>\n\t\t\t\t<\/div>","protected":false},"excerpt":{"rendered":"<p>D\u00e9claration d&#039;accessibilit\u00e9 web. Nous nous effor\u00e7ons de rendre notre site web accessible \u00e0 tous, y compris aux personnes en situation de handicap. Chez Anzonnpromo, nous nous engageons \u00e0 offrir l&#039;accessibilit\u00e9 num\u00e9rique \u00e0 tous nos clients. Nous nous effor\u00e7ons continuellement d&#039;am\u00e9liorer l&#039;exp\u00e9rience utilisateur pour tous, tout en appliquant les normes d&#039;accessibilit\u00e9 pertinentes. Pour beaucoup, l&#039;accessibilit\u00e9 signifie la prise en charge des technologies d&#039;assistance \u00e0 la navigation\u2026<\/p>","protected":false},"author":1,"featured_media":0,"parent":0,"menu_order":0,"comment_status":"closed","ping_status":"closed","template":"","meta":{"_kad_post_transparent":"default","_kad_post_title":"default","_kad_post_layout":"default","_kad_post_sidebar_id":"","_kad_post_content_style":"default","_kad_post_vertical_padding":"default","_kad_post_feature":"","_kad_post_feature_position":"","_kad_post_header":false,"_kad_post_footer":false,"_kad_post_classname":"","footnotes":""},"class_list":["post-3859","page","type-page","status-publish","hentry"],"_links":{"self":[{"href":"https:\/\/anzonnpromo.com\/fr\/wp-json\/wp\/v2\/pages\/3859","targetHints":{"allow":["GET"]}}],"collection":[{"href":"https:\/\/anzonnpromo.com\/fr\/wp-json\/wp\/v2\/pages"}],"about":[{"href":"https:\/\/anzonnpromo.com\/fr\/wp-json\/wp\/v2\/types\/page"}],"author":[{"embeddable":true,"href":"https:\/\/anzonnpromo.com\/fr\/wp-json\/wp\/v2\/users\/1"}],"replies":[{"embeddable":true,"href":"https:\/\/anzonnpromo.com\/fr\/wp-json\/wp\/v2\/comments?post=3859"}],"version-history":[{"count":0,"href":"https:\/\/anzonnpromo.com\/fr\/wp-json\/wp\/v2\/pages\/3859\/revisions"}],"wp:attachment":[{"href":"https:\/\/anzonnpromo.com\/fr\/wp-json\/wp\/v2\/media?parent=3859"}],"curies":[{"name":"wp","href":"https:\/\/api.w.org\/{rel}","templated":true}]}}