{"id":1466,"date":"2024-03-21T08:51:09","date_gmt":"2024-03-21T08:51:09","guid":{"rendered":"https:\/\/anzonnpromo.com\/?page_id=1466"},"modified":"2025-01-12T14:13:19","modified_gmt":"2025-01-12T14:13:19","slug":"privacy-policy","status":"publish","type":"page","link":"https:\/\/anzonnpromo.com\/sk\/privacy-policy\/","title":{"rendered":"Z\u00e1sady ochrany osobn\u00fdch \u00fadajov"},"content":{"rendered":"<div data-elementor-type=\"wp-page\" data-elementor-id=\"1466\" class=\"elementor elementor-1466\" data-elementor-settings=\"{&quot;ha_cmc_init_switcher&quot;:&quot;no&quot;}\" data-elementor-post-type=\"page\">\n\t\t\t\t<div class=\"elementor-element elementor-element-22432765 e-flex e-con-boxed e-con e-parent\" data-id=\"22432765\" data-element_type=\"container\" data-e-type=\"container\" data-settings=\"{&quot;_ha_eqh_enable&quot;:false,&quot;ekit_has_onepagescroll_dot&quot;:&quot;yes&quot;}\">\n\t\t\t\t\t<div class=\"e-con-inner\">\n\t\t\t\t<div class=\"elementor-element elementor-element-78dc2b0a elementor-widget elementor-widget-text-editor\" data-id=\"78dc2b0a\" data-element_type=\"widget\" data-e-type=\"widget\" data-settings=\"{&quot;ekit_we_effect_on&quot;:&quot;none&quot;}\" data-widget_type=\"text-editor.default\">\n\t\t\t\t\t\t\t\t\t<div data-slate-node=\"element\">\n<h5><strong style=\"font-family: var(--global-body-font-family);\"><span class=\"null\" data-slate-leaf=\"true\" data-sent-id=\"Vd2Y3nDRrB\">kto sme<\/span><\/strong><\/h5>\n<p><strong class=\"privacy-policy-tutorial\" style=\"font-family: var(--global-body-font-family);\">Navrhovan\u00fd text: <\/strong><span style=\"font-family: var(--global-body-font-family);\">Na\u0161a webov\u00e1 adresa je: https:\/\/anzonnpromo.com.<\/span><\/p>\n<\/div>\n<div data-slate-node=\"element\">\n<h5><br \/>Koment\u00e1re<\/h5>\n<p><strong class=\"privacy-policy-tutorial\">Navrhovan\u00fd text:\u00a0<\/strong>Ke\u010f n\u00e1v\u0161tevn\u00edci zanechaj\u00fa koment\u00e1re na str\u00e1nke, zhroma\u017e\u010fujeme \u00fadaje zobrazen\u00e9 vo formul\u00e1ri koment\u00e1rov, ako aj IP adresu n\u00e1v\u0161tevn\u00edka a re\u0165azec pou\u017e\u00edvate\u013esk\u00e9ho agenta prehliada\u010da, aby sme pomohli odhali\u0165 spam.<\/p>\n<p>Anonymizovan\u00fd re\u0165azec vytvoren\u00fd z va\u0161ej e-mailovej adresy (naz\u00fdvan\u00fd aj hash) m\u00f4\u017ee by\u0165 poskytnut\u00fd slu\u017ebe Gravatar, aby ste zistili, \u010di ju pou\u017e\u00edvate. Z\u00e1sady ochrany osobn\u00fdch \u00fadajov slu\u017eby Gravatar s\u00fa k dispoz\u00edcii tu: https:\/\/automattic.com\/privacy\/.Po schv\u00e1lenie v\u00e1\u0161ho koment\u00e1ra, v\u00e1\u0161 profilov\u00fd obr\u00e1zok je vidite\u013en\u00fd pre verejnos\u0165 v kontexte v\u00e1\u0161ho koment\u00e1ra.<\/p>\n<h5>M\u00e9di\u00e1<\/h5>\n<p><strong class=\"privacy-policy-tutorial\">Navrhovan\u00fd text:\u00a0<\/strong>Ak odovzd\u00e1vate obr\u00e1zky na webov\u00fa str\u00e1nku, mali by ste sa vyhn\u00fa\u0165 nahr\u00e1vaniu obr\u00e1zkov s vlo\u017een\u00fdmi \u00fadajmi o polohe (EXIF GPS). N\u00e1v\u0161tevn\u00edci webovej str\u00e1nky si m\u00f4\u017eu stiahnu\u0165 a extrahova\u0165 ak\u00e9ko\u013evek \u00fadaje o polohe z obr\u00e1zkov na webovej str\u00e1nke.<\/p>\n<h5>Cookies<\/h5>\n<p><strong class=\"privacy-policy-tutorial\">Navrhovan\u00fd text:\u00a0<\/strong>Ak na na\u0161ej str\u00e1nke zanech\u00e1te koment\u00e1r, m\u00f4\u017eete sa prihl\u00e1si\u0165 na ukladanie svojho mena, e-mailovej adresy a webovej str\u00e1nky do s\u00faborov cookie. S\u00fa to pre va\u0161e pohodlie, aby ste nemuseli znova vyp\u013a\u0148a\u0165 svoje \u00fadaje, ke\u010f zanech\u00e1te \u010fal\u0161\u00ed koment\u00e1r. Tieto s\u00fabory cookie bude trva\u0165 jeden rok.<\/p>\n<p>Ak nav\u0161t\u00edvite na\u0161u prihlasovaciu str\u00e1nku, nastav\u00edme do\u010dasn\u00fd s\u00fabor cookie, ktor\u00fd ur\u010d\u00ed, \u010di v\u00e1\u0161 prehliada\u010d prij\u00edma s\u00fabory cookie. Tento s\u00fabor cookie neobsahuje \u017eiadne osobn\u00e9 \u00fadaje a po zatvoren\u00ed prehliada\u010da sa zahod\u00ed.<\/p>\n<p>Ke\u010f sa prihl\u00e1site, nastav\u00edme tie\u017e nieko\u013eko s\u00faborov cookie na ulo\u017eenie va\u0161ich prihlasovac\u00edch inform\u00e1ci\u00ed a va\u0161ich mo\u017enost\u00ed zobrazenia obrazovky. S\u00fabory cookie prihl\u00e1senia trvaj\u00fa dva dni a s\u00fabory cookie mo\u017enost\u00ed obrazovky jeden rok. Ak vyberiete mo\u017enos\u0165 \u201eZapam\u00e4ta\u0165 si ma\u201c, va\u0161e prihlasovacie \u00fadaje bud\u00fa pretrv\u00e1vaj\u00fa dva t\u00fd\u017edne. Ak sa odhl\u00e1site zo svojho \u00fa\u010dtu, prihlasovacie s\u00fabory cookie bud\u00fa odstr\u00e1nen\u00e9.<\/p>\n<p>Ak uprav\u00edte alebo zverejn\u00edte \u010dl\u00e1nok, vo va\u0161om prehliada\u010di sa ulo\u017e\u00ed \u010fal\u0161\u00ed s\u00fabor cookie. Tento s\u00fabor cookie neobsahuje \u017eiadne osobn\u00e9 \u00fadaje a jednoducho ozna\u010duje ID pr\u00edspevku \u010dl\u00e1nku, ktor\u00fd ste pr\u00e1ve upravili. Jeho platnos\u0165 vypr\u0161\u00ed po 1 dni.<\/p>\n<h5>Vlo\u017een\u00fd obsah z in\u00fdch webov\u00fdch str\u00e1nok<\/h5>\n<p><strong class=\"privacy-policy-tutorial\">Navrhovan\u00fd text:\u00a0<\/strong>\u010cl\u00e1nky na tejto str\u00e1nke m\u00f4\u017eu obsahova\u0165 vlo\u017een\u00fd obsah (napr. vide\u00e1, obr\u00e1zky, \u010dl\u00e1nky at\u010f.). Vlo\u017een\u00fd obsah z in\u00fdch webov\u00fdch str\u00e1nok sa spr\u00e1va \u00faplne rovnako, ako keby n\u00e1v\u0161tevn\u00edk nav\u0161t\u00edvil in\u00fa webov\u00fa str\u00e1nku.<\/p>\n<p>Tieto webov\u00e9 str\u00e1nky m\u00f4\u017eu o v\u00e1s zhroma\u017e\u010fova\u0165 \u00fadaje, pou\u017e\u00edva\u0165 s\u00fabory cookie, vklada\u0165 \u010fal\u0161ie sledovanie tretej strany a monitorova\u0165 va\u0161u interakciu s t\u00fdmto vlo\u017een\u00fdm obsahom vr\u00e1tane sledovania va\u0161ej interakcie s vlo\u017een\u00fdm obsahom, ak m\u00e1te \u00fa\u010det a ste na danej webovej lokalite prihl\u00e1sen\u00ed.<\/p>\n<h5>S k\u00fdm zdie\u013eame va\u0161e \u00fadaje<\/h5>\n<p><strong class=\"privacy-policy-tutorial\">Navrhovan\u00fd text:\u00a0<\/strong>Ak po\u017eiadate o obnovenie hesla, va\u0161a IP adresa bude zahrnut\u00e1 v e-maile na obnovenie.<\/p>\n<h5>Ako dlho uchov\u00e1vame va\u0161e \u00fadaje<\/h5>\n<p><strong class=\"privacy-policy-tutorial\">Navrhovan\u00fd text:\u00a0<\/strong>Ak zanech\u00e1te koment\u00e1r, koment\u00e1r a jeho metad\u00e1ta sa uchovaj\u00fa na dobu neur\u010dit\u00fa. Je to preto, aby sme mohli automaticky rozpozna\u0165 a schv\u00e1li\u0165 ak\u00e9ko\u013evek n\u00e1sledn\u00e9 koment\u00e1re namiesto toho, aby sme ich zaradili do poradia na moderovanie.<\/p>\n<p>Pre pou\u017e\u00edvate\u013eov, ktor\u00ed sa zaregistruj\u00fa na na\u0161ej webovej str\u00e1nke (ak existuj\u00fa), uklad\u00e1me aj osobn\u00e9 \u00fadaje, ktor\u00e9 poskytli, v ich pou\u017e\u00edvate\u013eskom profile. V\u0161etci pou\u017e\u00edvatelia m\u00f4\u017eu kedyko\u013evek zobrazi\u0165, upravi\u0165 alebo vymaza\u0165 svoje osobn\u00e9 \u00fadaje (okrem toho, \u017ee si nem\u00f4\u017eu zmeni\u0165 svoje pou\u017e\u00edvate\u013esk\u00e9 meno). Webov\u00e1 str\u00e1nka spr\u00e1vcovia m\u00f4\u017eu tie\u017e vidie\u0165 a upravova\u0165 tieto inform\u00e1cie.<\/p>\n<h5>Ak\u00e9 pr\u00e1va m\u00e1te k svojim \u00fadajom<\/h5>\n<p><strong class=\"privacy-policy-tutorial\">Navrhovan\u00fd text:\u00a0<\/strong>Ak m\u00e1te \u00fa\u010det na tejto str\u00e1nke alebo ste pridali koment\u00e1re, m\u00f4\u017eete po\u017eiada\u0165 o prijatie exportovan\u00e9ho s\u00faboru osobn\u00fdch \u00fadajov, ktor\u00e9 o v\u00e1s uchov\u00e1vame, vr\u00e1tane v\u0161etk\u00fdch \u00fadajov, ktor\u00e9 ste n\u00e1m poskytli. M\u00f4\u017eete tie\u017e po\u017eiada\u0165, aby sme vymazali v\u0161etky osobn\u00e9 \u00fadaje o v\u00e1s uchov\u00e1vame. Nezah\u0155\u0148a to \u017eiadne \u00fadaje, ktor\u00e9 sme povinn\u00ed uchov\u00e1va\u0165 na administrat\u00edvne, pr\u00e1vne alebo bezpe\u010dnostn\u00e9 \u00fa\u010dely.<\/p>\n<h5>Kam sa odosielaj\u00fa va\u0161e \u00fadaje<\/h5>\n<p><strong class=\"privacy-policy-tutorial\">Navrhovan\u00fd text:\u00a0<\/strong>Koment\u00e1re n\u00e1v\u0161tevn\u00edkov m\u00f4\u017eu by\u0165 kontrolovan\u00e9 prostredn\u00edctvom slu\u017eby automatizovanej detekcie spamu.<br \/><br \/><\/p>\n<\/div>\t\t\t\t\t\t\t\t<\/div>\n\t\t\t\t\t<\/div>\n\t\t\t\t<\/div>\n\t\t\t\t<\/div>","protected":false},"excerpt":{"rendered":"<p>Kto sme Navrhovan\u00fd text: Na\u0161a webov\u00e1 adresa je: https:\/\/anzonnpromo.com. Koment\u00e1re Navrhovan\u00fd text: Ke\u010f n\u00e1v\u0161tevn\u00edci zanechaj\u00fa koment\u00e1re na str\u00e1nke, zhroma\u017e\u010fujeme \u00fadaje zobrazen\u00e9 vo formul\u00e1ri koment\u00e1rov, ako aj IP adresu n\u00e1v\u0161tevn\u00edka a re\u0165azec pou\u017e\u00edvate\u013esk\u00e9ho agenta prehliada\u010da, aby sme pomohli odhali\u0165 spam. Anonymizovan\u00fd re\u0165azec vytvoren\u00fd z va\u0161ej e-mailovej adresy (naz\u00fdvan\u00fd aj hash) m\u00f4\u017ee\u2026<\/p>","protected":false},"author":1,"featured_media":0,"parent":0,"menu_order":0,"comment_status":"closed","ping_status":"closed","template":"","meta":{"_kad_post_transparent":"default","_kad_post_title":"default","_kad_post_layout":"default","_kad_post_sidebar_id":"","_kad_post_content_style":"default","_kad_post_vertical_padding":"default","_kad_post_feature":"","_kad_post_feature_position":"","_kad_post_header":false,"_kad_post_footer":false,"_kad_post_classname":"","footnotes":""},"class_list":["post-1466","page","type-page","status-publish","hentry"],"_links":{"self":[{"href":"https:\/\/anzonnpromo.com\/sk\/wp-json\/wp\/v2\/pages\/1466","targetHints":{"allow":["GET"]}}],"collection":[{"href":"https:\/\/anzonnpromo.com\/sk\/wp-json\/wp\/v2\/pages"}],"about":[{"href":"https:\/\/anzonnpromo.com\/sk\/wp-json\/wp\/v2\/types\/page"}],"author":[{"embeddable":true,"href":"https:\/\/anzonnpromo.com\/sk\/wp-json\/wp\/v2\/users\/1"}],"replies":[{"embeddable":true,"href":"https:\/\/anzonnpromo.com\/sk\/wp-json\/wp\/v2\/comments?post=1466"}],"version-history":[{"count":0,"href":"https:\/\/anzonnpromo.com\/sk\/wp-json\/wp\/v2\/pages\/1466\/revisions"}],"wp:attachment":[{"href":"https:\/\/anzonnpromo.com\/sk\/wp-json\/wp\/v2\/media?parent=1466"}],"curies":[{"name":"wp","href":"https:\/\/api.w.org\/{rel}","templated":true}]}}